{"id":4193,"date":"2025-11-18T15:09:59","date_gmt":"2025-11-18T18:09:59","guid":{"rendered":"https:\/\/loja.casapaulistaadamantina.com.br\/?post_type=product&#038;p=4193"},"modified":"2025-11-18T15:09:59","modified_gmt":"2025-11-18T18:09:59","slug":"desempenadeira-diamond-aco-inox-15-cm-para-construcao","status":"publish","type":"product","link":"https:\/\/loja.casapaulistaadamantina.com.br\/index.php\/product\/desempenadeira-diamond-aco-inox-15-cm-para-construcao\/","title":{"rendered":"Desempenadeira Diamond A\u00e7o Inox 15 cm para Constru\u00e7\u00e3o"},"content":{"rendered":"<h2 data-start=\"140\" data-end=\"200\"><strong data-start=\"143\" data-end=\"200\">Desempenadeira Diamond A\u00e7o Inox 15 cm para Constru\u00e7\u00e3o<\/strong><\/h2>\n<p data-start=\"202\" data-end=\"543\">A <strong data-start=\"204\" data-end=\"245\">Desempenadeira Diamond A\u00e7o Inox 15 cm<\/strong> \u00e9 a ferramenta ideal para quem busca <strong data-start=\"283\" data-end=\"334\">acuracidade, resist\u00eancia e excelente acabamento<\/strong> em servi\u00e7os de constru\u00e7\u00e3o e reparo. Produzida com <strong data-start=\"385\" data-end=\"413\">l\u00e2mina em a\u00e7o inoxid\u00e1vel<\/strong>, oferece alta durabilidade, n\u00e3o enferruja e garante aplica\u00e7\u00e3o uniforme de massas, argamassas, rejuntes, colas e outros materiais.<\/p>\n<p data-start=\"545\" data-end=\"872\">Com largura de <strong data-start=\"560\" data-end=\"569\">15 cm<\/strong>, proporciona \u00f3timo equil\u00edbrio entre precis\u00e3o e produtividade, sendo perfeita para <strong data-start=\"652\" data-end=\"674\">acabamentos m\u00e9dios<\/strong>, nivelamentos e \u00e1reas de dif\u00edcil acesso onde ferramentas maiores n\u00e3o alcan\u00e7am com a mesma efici\u00eancia. Seu cabo ergon\u00f4mico oferece conforto durante o uso, reduzindo a fadiga e aumentando o controle.<\/p>\n<h3 data-start=\"874\" data-end=\"903\"><strong data-start=\"878\" data-end=\"903\">Destaques do Produto:<\/strong><\/h3>\n<ul data-start=\"904\" data-end=\"1281\">\n<li data-start=\"904\" data-end=\"965\">\n<p data-start=\"906\" data-end=\"965\">L\u00e2mina em <strong data-start=\"916\" data-end=\"928\">a\u00e7o inox<\/strong> de alta durabilidade e resist\u00eancia<\/p>\n<\/li>\n<li data-start=\"966\" data-end=\"1021\">\n<p data-start=\"968\" data-end=\"1021\">Tamanho de <strong data-start=\"979\" data-end=\"988\">15 cm<\/strong>, ideal para acabamentos m\u00e9dios<\/p>\n<\/li>\n<li data-start=\"1022\" data-end=\"1085\">\n<p data-start=\"1024\" data-end=\"1085\">Aplica\u00e7\u00e3o uniforme de massa, argamassa e materiais pastosos<\/p>\n<\/li>\n<li data-start=\"1086\" data-end=\"1143\">\n<p data-start=\"1088\" data-end=\"1143\">Perfeita para <strong data-start=\"1102\" data-end=\"1141\">reparos, nivelamento e detalhamento<\/strong><\/p>\n<\/li>\n<li data-start=\"1144\" data-end=\"1193\">\n<p data-start=\"1146\" data-end=\"1193\">Cabo ergon\u00f4mico para melhor pegada e conforto<\/p>\n<\/li>\n<li data-start=\"1194\" data-end=\"1231\">\n<p data-start=\"1196\" data-end=\"1231\">Leve, pr\u00e1tica e f\u00e1cil de manusear<\/p>\n<\/li>\n<li data-start=\"1232\" data-end=\"1281\">\n<p data-start=\"1234\" data-end=\"1281\">Excelente para uso <strong data-start=\"1253\" data-end=\"1281\">profissional e dom\u00e9stico<\/strong><\/p>\n<\/li>\n<\/ul>\n","protected":false},"excerpt":{"rendered":"<h3 data-start=\"61\" data-end=\"106\"><strong data-start=\"65\" data-end=\"106\">Desempenadeira Diamond A\u00e7o Inox 15 cm<\/strong><\/h3>\n<ul data-start=\"108\" data-end=\"347\">\n<li data-start=\"108\" data-end=\"157\">\n<p data-start=\"110\" data-end=\"157\">\u2705 L\u00e2mina em <strong data-start=\"122\" data-end=\"134\">a\u00e7o inox<\/strong> resistente e dur\u00e1vel<\/p>\n<\/li>\n<li data-start=\"158\" data-end=\"212\">\n<p data-start=\"160\" data-end=\"212\">\u2705 Tamanho <strong data-start=\"170\" data-end=\"179\">15 cm<\/strong>, ideal para acabamentos m\u00e9dios<\/p>\n<\/li>\n<li data-start=\"213\" data-end=\"260\">\n<p data-start=\"215\" data-end=\"260\">\u2705 Aplica\u00e7\u00e3o uniforme de massas e argamassas<\/p>\n<\/li>\n<li data-start=\"261\" data-end=\"300\">\n<p data-start=\"263\" data-end=\"300\">\u2705 Leve, pr\u00e1tica e f\u00e1cil de manusear<\/p>\n<\/li>\n<li data-start=\"301\" data-end=\"347\">\n<p data-start=\"303\" data-end=\"347\">\u2705 Perfeita para reparos e uso profissional<\/p>\n<\/li>\n<\/ul>\n","protected":false},"featured_media":4194,"comment_status":"open","ping_status":"closed","template":"","meta":{"ocean_post_layout":"","ocean_both_sidebars_style":"","ocean_both_sidebars_content_width":0,"ocean_both_sidebars_sidebars_width":0,"ocean_sidebar":"","ocean_second_sidebar":"","ocean_disable_margins":"enable","ocean_add_body_class":"","ocean_shortcode_before_top_bar":"","ocean_shortcode_after_top_bar":"","ocean_shortcode_before_header":"","ocean_shortcode_after_header":"","ocean_has_shortcode":"","ocean_shortcode_after_title":"","ocean_shortcode_before_footer_widgets":"","ocean_shortcode_after_footer_widgets":"","ocean_shortcode_before_footer_bottom":"","ocean_shortcode_after_footer_bottom":"","ocean_display_top_bar":"default","ocean_display_header":"default","ocean_header_style":"","ocean_center_header_left_menu":"","ocean_custom_header_template":"","ocean_custom_logo":0,"ocean_custom_retina_logo":0,"ocean_custom_logo_max_width":0,"ocean_custom_logo_tablet_max_width":0,"ocean_custom_logo_mobile_max_width":0,"ocean_custom_logo_max_height":0,"ocean_custom_logo_tablet_max_height":0,"ocean_custom_logo_mobile_max_height":0,"ocean_header_custom_menu":"","ocean_menu_typo_font_family":"","ocean_menu_typo_font_subset":"","ocean_menu_typo_font_size":0,"ocean_menu_typo_font_size_tablet":0,"ocean_menu_typo_font_size_mobile":0,"ocean_menu_typo_font_size_unit":"px","ocean_menu_typo_font_weight":"","ocean_menu_typo_font_weight_tablet":"","ocean_menu_typo_font_weight_mobile":"","ocean_menu_typo_transform":"","ocean_menu_typo_transform_tablet":"","ocean_menu_typo_transform_mobile":"","ocean_menu_typo_line_height":0,"ocean_menu_typo_line_height_tablet":0,"ocean_menu_typo_line_height_mobile":0,"ocean_menu_typo_line_height_unit":"","ocean_menu_typo_spacing":0,"ocean_menu_typo_spacing_tablet":0,"ocean_menu_typo_spacing_mobile":0,"ocean_menu_typo_spacing_unit":"","ocean_menu_link_color":"","ocean_menu_link_color_hover":"","ocean_menu_link_color_active":"","ocean_menu_link_background":"","ocean_menu_link_hover_background":"","ocean_menu_link_active_background":"","ocean_menu_social_links_bg":"","ocean_menu_social_hover_links_bg":"","ocean_menu_social_links_color":"","ocean_menu_social_hover_links_color":"","ocean_disable_title":"default","ocean_disable_heading":"default","ocean_post_title":"","ocean_post_subheading":"","ocean_post_title_style":"","ocean_post_title_background_color":"","ocean_post_title_background":0,"ocean_post_title_bg_image_position":"","ocean_post_title_bg_image_attachment":"","ocean_post_title_bg_image_repeat":"","ocean_post_title_bg_image_size":"","ocean_post_title_height":0,"ocean_post_title_bg_overlay":0.5,"ocean_post_title_bg_overlay_color":"","ocean_disable_breadcrumbs":"default","ocean_breadcrumbs_color":"","ocean_breadcrumbs_separator_color":"","ocean_breadcrumbs_links_color":"","ocean_breadcrumbs_links_hover_color":"","ocean_display_footer_widgets":"default","ocean_display_footer_bottom":"default","ocean_custom_footer_template":"","wds_primary_product_cat":0},"product_cat":[80,74],"product_tag":[],"class_list":{"0":"post-4193","1":"product","2":"type-product","3":"status-publish","4":"has-post-thumbnail","6":"product_cat-desempenadeira","7":"product_cat-ferramentas","9":"entry","10":"has-media","12":"first","13":"instock","14":"shipping-taxable","15":"purchasable","16":"product-type-simple","17":"col","18":"span_1_of_4","19":"owp-content-left","20":"item-entry","21":"owp-thumbs-layout-horizontal","22":"owp-btn-big","23":"owp-tabs-layout-section"},"_links":{"self":[{"href":"https:\/\/loja.casapaulistaadamantina.com.br\/index.php\/wp-json\/wp\/v2\/product\/4193"}],"collection":[{"href":"https:\/\/loja.casapaulistaadamantina.com.br\/index.php\/wp-json\/wp\/v2\/product"}],"about":[{"href":"https:\/\/loja.casapaulistaadamantina.com.br\/index.php\/wp-json\/wp\/v2\/types\/product"}],"replies":[{"embeddable":true,"href":"https:\/\/loja.casapaulistaadamantina.com.br\/index.php\/wp-json\/wp\/v2\/comments?post=4193"}],"wp:featuredmedia":[{"embeddable":true,"href":"https:\/\/loja.casapaulistaadamantina.com.br\/index.php\/wp-json\/wp\/v2\/media\/4194"}],"wp:attachment":[{"href":"https:\/\/loja.casapaulistaadamantina.com.br\/index.php\/wp-json\/wp\/v2\/media?parent=4193"}],"wp:term":[{"taxonomy":"product_cat","embeddable":true,"href":"https:\/\/loja.casapaulistaadamantina.com.br\/index.php\/wp-json\/wp\/v2\/product_cat?post=4193"},{"taxonomy":"product_tag","embeddable":true,"href":"https:\/\/loja.casapaulistaadamantina.com.br\/index.php\/wp-json\/wp\/v2\/product_tag?post=4193"}],"curies":[{"name":"wp","href":"https:\/\/api.w.org\/{rel}","templated":true}]}}