{"id":3968,"date":"2025-03-11T15:59:30","date_gmt":"2025-03-11T18:59:30","guid":{"rendered":"https:\/\/loja.casapaulistaadamantina.com.br\/?post_type=product&#038;p=3968"},"modified":"2025-03-11T16:08:56","modified_gmt":"2025-03-11T19:08:56","slug":"vialastic-bco-viapol-17l","status":"publish","type":"product","link":"https:\/\/loja.casapaulistaadamantina.com.br\/index.php\/product\/vialastic-bco-viapol-17l\/","title":{"rendered":"Vialastic BCO VIAPOL 17L"},"content":{"rendered":"<p>Vialastic \u00e9 uma Membrana monocomponente a base de copol\u00edmeros acr\u00edlicos sem cimento com alta flexibilidade, resist\u00eancia a alcalinidade, excelente ader\u00eancia e secagem r\u00e1pida para \u00e1reas frias e coberturas.<\/p>\n<p>Normas<\/p>\n<ul>\n<li>NBR 13321: 2023- Membrana acr\u00edlica para impermeabiliza\u00e7\u00e3o;<\/li>\n<li>DIN EN 14.891:2017 \u2013 Membrana impermeabilizante para aplica\u00e7\u00e3o sob argamassas colantes;<\/li>\n<li>NBR 15575:2013 &#8211; Norma de Desempenho de Edifica\u00e7\u00f5es Habitacionais.<\/li>\n<\/ul>\n<p>Vantagens:<br \/>\n&#8211; Permite o assentamento direto de revestimentos, sem necessidade de prote\u00e7\u00e3o mec\u00e2nica, com ader\u00eancia em argamassa ACIII;<br \/>\n&#8211; Libera\u00e7\u00e3o r\u00e1pida da \u00e1rea;<br \/>\n&#8211; Mono componente, pronto para uso;<br \/>\n&#8211; Aberto a difus\u00e3o de vapor de \u00e1gua prevenindo a forma\u00e7\u00e3o de bolhas;<br \/>\n&#8211; Alta elasticidade e flexibilidade;<br \/>\n&#8211; Resist\u00eancia \u00e0 a\u00e7\u00e3o de calor e choque t\u00e9rmico \u2013 SVVE;<br \/>\n&#8211; Resist\u00eancia a raios ultravioletas (UV).<\/p>\n<p>Utiliza\u00e7\u00e3o:<br \/>\n&#8211; Banheiros, cozinhas, \u00e1reas de servi\u00e7os e lavabos;<br \/>\n&#8211; Paredes internas de Drywall (gesso acartonado);<br \/>\n&#8211; Juntas frias em fachadas de concreto;<br \/>\n&#8211; Tratamento das juntas de interface de estrutura-painel em fachadas pr\u00e9-moldadas;<br \/>\n&#8211; Sacadas, varandas e platibandas;<br \/>\n&#8211; Lajes de coberturas.<\/p>\n<p>A cura do produto est\u00e1 diretamente relacionada as condi\u00e7\u00f5es clim\u00e1ticas da regi\u00e3o e \u00e1rea de aplica\u00e7\u00e3o do material.<\/p>\n<p>O Vialastic j\u00e1 vem pronto para uso.\u00a0Adquira j\u00e1 o seu na Casa de Ferragens Paulista.<\/p>\n","protected":false},"excerpt":{"rendered":"<ul>\n<li>Mono componente, pronto para uso<\/li>\n<li>Alta elasticidade e flexibilidade<\/li>\n<\/ul>\n<p style=\"margin-top: 15px;\">\u2705\u00a0Compra garantida<br \/>\n\u2705\u00a0Envio Imediato<\/p>\n","protected":false},"featured_media":3969,"comment_status":"open","ping_status":"closed","template":"","meta":{"ocean_post_layout":"","ocean_both_sidebars_style":"","ocean_both_sidebars_content_width":0,"ocean_both_sidebars_sidebars_width":0,"ocean_sidebar":"0","ocean_second_sidebar":"0","ocean_disable_margins":"enable","ocean_add_body_class":"","ocean_shortcode_before_top_bar":"","ocean_shortcode_after_top_bar":"","ocean_shortcode_before_header":"","ocean_shortcode_after_header":"","ocean_has_shortcode":"","ocean_shortcode_after_title":"","ocean_shortcode_before_footer_widgets":"","ocean_shortcode_after_footer_widgets":"","ocean_shortcode_before_footer_bottom":"","ocean_shortcode_after_footer_bottom":"","ocean_display_top_bar":"default","ocean_display_header":"default","ocean_header_style":"","ocean_center_header_left_menu":"0","ocean_custom_header_template":"0","ocean_custom_logo":0,"ocean_custom_retina_logo":0,"ocean_custom_logo_max_width":0,"ocean_custom_logo_tablet_max_width":0,"ocean_custom_logo_mobile_max_width":0,"ocean_custom_logo_max_height":0,"ocean_custom_logo_tablet_max_height":0,"ocean_custom_logo_mobile_max_height":0,"ocean_header_custom_menu":"0","ocean_menu_typo_font_family":"0","ocean_menu_typo_font_subset":"","ocean_menu_typo_font_size":0,"ocean_menu_typo_font_size_tablet":0,"ocean_menu_typo_font_size_mobile":0,"ocean_menu_typo_font_size_unit":"px","ocean_menu_typo_font_weight":"","ocean_menu_typo_font_weight_tablet":"","ocean_menu_typo_font_weight_mobile":"","ocean_menu_typo_transform":"","ocean_menu_typo_transform_tablet":"","ocean_menu_typo_transform_mobile":"","ocean_menu_typo_line_height":0,"ocean_menu_typo_line_height_tablet":0,"ocean_menu_typo_line_height_mobile":0,"ocean_menu_typo_line_height_unit":"","ocean_menu_typo_spacing":0,"ocean_menu_typo_spacing_tablet":0,"ocean_menu_typo_spacing_mobile":0,"ocean_menu_typo_spacing_unit":"","ocean_menu_link_color":"","ocean_menu_link_color_hover":"","ocean_menu_link_color_active":"","ocean_menu_link_background":"","ocean_menu_link_hover_background":"","ocean_menu_link_active_background":"","ocean_menu_social_links_bg":"","ocean_menu_social_hover_links_bg":"","ocean_menu_social_links_color":"","ocean_menu_social_hover_links_color":"","ocean_disable_title":"default","ocean_disable_heading":"default","ocean_post_title":"","ocean_post_subheading":"","ocean_post_title_style":"","ocean_post_title_background_color":"","ocean_post_title_background":0,"ocean_post_title_bg_image_position":"","ocean_post_title_bg_image_attachment":"","ocean_post_title_bg_image_repeat":"","ocean_post_title_bg_image_size":"","ocean_post_title_height":0,"ocean_post_title_bg_overlay":0.5,"ocean_post_title_bg_overlay_color":"","ocean_disable_breadcrumbs":"default","ocean_breadcrumbs_color":"","ocean_breadcrumbs_separator_color":"","ocean_breadcrumbs_links_color":"","ocean_breadcrumbs_links_hover_color":"","ocean_display_footer_widgets":"default","ocean_display_footer_bottom":"default","ocean_custom_footer_template":"0","wds_primary_product_cat":0},"product_cat":[282],"product_tag":[283,284],"class_list":{"0":"post-3968","1":"product","2":"type-product","3":"status-publish","4":"has-post-thumbnail","6":"product_cat-impermeabilizante","7":"product_tag-impermeabilizante","8":"product_tag-reforma-e-construcao","10":"entry","11":"has-media","13":"first","14":"outofstock","15":"shipping-taxable","16":"purchasable","17":"product-type-simple","18":"col","19":"span_1_of_4","20":"owp-content-left","21":"item-entry","22":"owp-thumbs-layout-horizontal","23":"owp-btn-big","24":"owp-tabs-layout-section","25":"has-no-thumbnails"},"_links":{"self":[{"href":"https:\/\/loja.casapaulistaadamantina.com.br\/index.php\/wp-json\/wp\/v2\/product\/3968"}],"collection":[{"href":"https:\/\/loja.casapaulistaadamantina.com.br\/index.php\/wp-json\/wp\/v2\/product"}],"about":[{"href":"https:\/\/loja.casapaulistaadamantina.com.br\/index.php\/wp-json\/wp\/v2\/types\/product"}],"replies":[{"embeddable":true,"href":"https:\/\/loja.casapaulistaadamantina.com.br\/index.php\/wp-json\/wp\/v2\/comments?post=3968"}],"wp:featuredmedia":[{"embeddable":true,"href":"https:\/\/loja.casapaulistaadamantina.com.br\/index.php\/wp-json\/wp\/v2\/media\/3969"}],"wp:attachment":[{"href":"https:\/\/loja.casapaulistaadamantina.com.br\/index.php\/wp-json\/wp\/v2\/media?parent=3968"}],"wp:term":[{"taxonomy":"product_cat","embeddable":true,"href":"https:\/\/loja.casapaulistaadamantina.com.br\/index.php\/wp-json\/wp\/v2\/product_cat?post=3968"},{"taxonomy":"product_tag","embeddable":true,"href":"https:\/\/loja.casapaulistaadamantina.com.br\/index.php\/wp-json\/wp\/v2\/product_tag?post=3968"}],"curies":[{"name":"wp","href":"https:\/\/api.w.org\/{rel}","templated":true}]}}