{"id":3944,"date":"2025-03-07T15:43:35","date_gmt":"2025-03-07T18:43:35","guid":{"rendered":"https:\/\/loja.casapaulistaadamantina.com.br\/?post_type=product&#038;p=3944"},"modified":"2026-01-26T10:25:28","modified_gmt":"2026-01-26T13:25:28","slug":"ecoprimer-36l-viapol","status":"publish","type":"product","link":"https:\/\/loja.casapaulistaadamantina.com.br\/index.php\/product\/ecoprimer-36l-viapol\/","title":{"rendered":"Ecoprimer 3,6L VIAPOL"},"content":{"rendered":"<p>Ecoprimer \u00e9 um primer para colagem de mantas e fitas asf\u00e1lticas \u00e0 base d\u2019\u00e1gua composta de asfaltos modificados e aditivos isento de solventes, com baixo teor de compostos org\u00e2nicos vol\u00e1teis (VOC), para aplica\u00e7\u00e3o a frio sobre superf\u00edcies de concreto, argamassa, alvenaria e fibra de vidro.<\/p>\n<p>Norma de refer\u00eancia:<\/p>\n<ul>\n<li>NBR-9686 \u2013 Solu\u00e7\u00e3o e emuls\u00e3o asf\u00e1ltica empregada como material de imprima\u00e7\u00e3o na impermeabiliza\u00e7\u00e3o<\/li>\n<li>NBR 9575 &#8211; Impermeabiliza\u00e7\u00e3o &#8211; Sistemas e projetos;<\/li>\n<li>NBR 9574 &#8211; Execu\u00e7\u00e3o da impermeabiliza\u00e7\u00e3o<\/li>\n<\/ul>\n<p>Vantagens:<br \/>\n&#8211; Pronto para uso;<br \/>\n&#8211; F\u00e1cil manuseio e aplica\u00e7\u00e3o;<br \/>\n&#8211; Boa ader\u00eancia e alta resist\u00eancia;<br \/>\n&#8211; N\u00e3o agressivo ao meio ambiente, podendo ser aplicado em ambientes fechados.<\/p>\n<p>Utiliza\u00e7\u00e3o: O Ecoprimer pode ser aplicado sobre superf\u00edcies de concreto, argamassa, alvenaria, fibra de vidro, como primer para:<\/p>\n<p>&#8211; Colagem de mantas af\u00e1lticas e fitas autoadesivas;<br \/>\n&#8211; Solu\u00e7\u00f5es asf\u00e1lticas moldadas no local.<\/p>\n<p>O\u00a0<strong>Ecoprimer<\/strong> j\u00e1 vem pronto para uso. Adquira j\u00e1 o seu na Casa de Ferragens Paulista.<\/p>\n","protected":false},"excerpt":{"rendered":"<ul>\n<li>Primer para colagem de mantas e fitas asf\u00e1lticas.<\/li>\n<li>Pronto para uso.<\/li>\n<\/ul>\n<p style=\"margin-top: 15px;\">\u2705\u00a0Compra garantida<br \/>\n\u2705\u00a0Envio Imediato<\/p>\n","protected":false},"featured_media":3951,"comment_status":"open","ping_status":"closed","template":"","meta":{"ocean_post_layout":"","ocean_both_sidebars_style":"","ocean_both_sidebars_content_width":0,"ocean_both_sidebars_sidebars_width":0,"ocean_sidebar":"0","ocean_second_sidebar":"0","ocean_disable_margins":"enable","ocean_add_body_class":"","ocean_shortcode_before_top_bar":"","ocean_shortcode_after_top_bar":"","ocean_shortcode_before_header":"","ocean_shortcode_after_header":"","ocean_has_shortcode":"","ocean_shortcode_after_title":"","ocean_shortcode_before_footer_widgets":"","ocean_shortcode_after_footer_widgets":"","ocean_shortcode_before_footer_bottom":"","ocean_shortcode_after_footer_bottom":"","ocean_display_top_bar":"default","ocean_display_header":"default","ocean_header_style":"","ocean_center_header_left_menu":"0","ocean_custom_header_template":"0","ocean_custom_logo":0,"ocean_custom_retina_logo":0,"ocean_custom_logo_max_width":0,"ocean_custom_logo_tablet_max_width":0,"ocean_custom_logo_mobile_max_width":0,"ocean_custom_logo_max_height":0,"ocean_custom_logo_tablet_max_height":0,"ocean_custom_logo_mobile_max_height":0,"ocean_header_custom_menu":"0","ocean_menu_typo_font_family":"0","ocean_menu_typo_font_subset":"","ocean_menu_typo_font_size":0,"ocean_menu_typo_font_size_tablet":0,"ocean_menu_typo_font_size_mobile":0,"ocean_menu_typo_font_size_unit":"px","ocean_menu_typo_font_weight":"","ocean_menu_typo_font_weight_tablet":"","ocean_menu_typo_font_weight_mobile":"","ocean_menu_typo_transform":"","ocean_menu_typo_transform_tablet":"","ocean_menu_typo_transform_mobile":"","ocean_menu_typo_line_height":0,"ocean_menu_typo_line_height_tablet":0,"ocean_menu_typo_line_height_mobile":0,"ocean_menu_typo_line_height_unit":"","ocean_menu_typo_spacing":0,"ocean_menu_typo_spacing_tablet":0,"ocean_menu_typo_spacing_mobile":0,"ocean_menu_typo_spacing_unit":"","ocean_menu_link_color":"","ocean_menu_link_color_hover":"","ocean_menu_link_color_active":"","ocean_menu_link_background":"","ocean_menu_link_hover_background":"","ocean_menu_link_active_background":"","ocean_menu_social_links_bg":"","ocean_menu_social_hover_links_bg":"","ocean_menu_social_links_color":"","ocean_menu_social_hover_links_color":"","ocean_disable_title":"default","ocean_disable_heading":"default","ocean_post_title":"","ocean_post_subheading":"","ocean_post_title_style":"","ocean_post_title_background_color":"","ocean_post_title_background":0,"ocean_post_title_bg_image_position":"","ocean_post_title_bg_image_attachment":"","ocean_post_title_bg_image_repeat":"","ocean_post_title_bg_image_size":"","ocean_post_title_height":0,"ocean_post_title_bg_overlay":0.5,"ocean_post_title_bg_overlay_color":"","ocean_disable_breadcrumbs":"default","ocean_breadcrumbs_color":"","ocean_breadcrumbs_separator_color":"","ocean_breadcrumbs_links_color":"","ocean_breadcrumbs_links_hover_color":"","ocean_display_footer_widgets":"default","ocean_display_footer_bottom":"default","ocean_custom_footer_template":"0","wds_primary_product_cat":0},"product_cat":[282],"product_tag":[283,284],"class_list":{"0":"post-3944","1":"product","2":"type-product","3":"status-publish","4":"has-post-thumbnail","6":"product_cat-impermeabilizante","7":"product_tag-impermeabilizante","8":"product_tag-reforma-e-construcao","10":"entry","11":"has-media","13":"first","14":"instock","15":"shipping-taxable","16":"purchasable","17":"product-type-simple","18":"col","19":"span_1_of_4","20":"owp-content-left","21":"item-entry","22":"owp-thumbs-layout-horizontal","23":"owp-btn-big","24":"owp-tabs-layout-section"},"_links":{"self":[{"href":"https:\/\/loja.casapaulistaadamantina.com.br\/index.php\/wp-json\/wp\/v2\/product\/3944"}],"collection":[{"href":"https:\/\/loja.casapaulistaadamantina.com.br\/index.php\/wp-json\/wp\/v2\/product"}],"about":[{"href":"https:\/\/loja.casapaulistaadamantina.com.br\/index.php\/wp-json\/wp\/v2\/types\/product"}],"replies":[{"embeddable":true,"href":"https:\/\/loja.casapaulistaadamantina.com.br\/index.php\/wp-json\/wp\/v2\/comments?post=3944"}],"wp:featuredmedia":[{"embeddable":true,"href":"https:\/\/loja.casapaulistaadamantina.com.br\/index.php\/wp-json\/wp\/v2\/media\/3951"}],"wp:attachment":[{"href":"https:\/\/loja.casapaulistaadamantina.com.br\/index.php\/wp-json\/wp\/v2\/media?parent=3944"}],"wp:term":[{"taxonomy":"product_cat","embeddable":true,"href":"https:\/\/loja.casapaulistaadamantina.com.br\/index.php\/wp-json\/wp\/v2\/product_cat?post=3944"},{"taxonomy":"product_tag","embeddable":true,"href":"https:\/\/loja.casapaulistaadamantina.com.br\/index.php\/wp-json\/wp\/v2\/product_tag?post=3944"}],"curies":[{"name":"wp","href":"https:\/\/api.w.org\/{rel}","templated":true}]}}