{"id":2333,"date":"2024-09-10T15:51:54","date_gmt":"2024-09-10T18:51:54","guid":{"rendered":"https:\/\/loja.casapaulistaadamantina.com.br\/?post_type=product&#038;p=2333"},"modified":"2025-05-07T14:25:51","modified_gmt":"2025-05-07T17:25:51","slug":"tomada-inteligente-10a-mar-girius","status":"publish","type":"product","link":"https:\/\/loja.casapaulistaadamantina.com.br\/index.php\/product\/tomada-inteligente-10a-mar-girius\/","title":{"rendered":"Tomada Inteligente 10A MAR-GIRIUS"},"content":{"rendered":"<p>Com essa incr\u00edvel tomada, voc\u00ea ter\u00e1 controle total sobre seus aparelhos eletr\u00f4nicos, ilumina\u00e7\u00e3o e muito mais, diretamente do seu smartphone. Voc\u00ea poder\u00e1 ligar ou desligar qualquer dispositivo conectado \u00e0 tomada, mesmo quando estiver fora de casa, basta abrir o app e, com alguns toques, voc\u00ea ter\u00e1 o controle total sobre seus aparelhos.<\/p>\n<p>Compatibilidade com Alexa e Google Home.<\/p>\n<p>Programe hor\u00e1rios espec\u00edficos para ligar e desligar seus dispositivos automaticamente. Chegue em casa com a temperatura ideal, as luzes acesas ou o caf\u00e9 pronto para ser saboreado. Voc\u00ea define as configura\u00e7\u00f5es e a Tomada Inteligente faz o resto.<\/p>\n<p>Fique por dentro do consumo de energia de cada dispositivo conectado \u00e0 tomada. Acompanhe em tempo real o gasto energ\u00e9tico, estabele\u00e7a metas de economia e tome medidas inteligentes para reduzir sua conta de eletricidade.<\/p>\n","protected":false},"excerpt":{"rendered":"<ul>\n<li>Alimenta\u00e7\u00e3o: 100-240V 50\/60Hz<\/li>\n<li>Pot\u00eancia m\u00e1xima: 1000W<\/li>\n<li>Corrente m\u00e1xima: 10A (carga resistiva)<\/li>\n<\/ul>\n","protected":false},"featured_media":2337,"comment_status":"closed","ping_status":"closed","template":"","meta":{"ocean_post_layout":"","ocean_both_sidebars_style":"","ocean_both_sidebars_content_width":0,"ocean_both_sidebars_sidebars_width":0,"ocean_sidebar":"0","ocean_second_sidebar":"0","ocean_disable_margins":"enable","ocean_add_body_class":"","ocean_shortcode_before_top_bar":"","ocean_shortcode_after_top_bar":"","ocean_shortcode_before_header":"","ocean_shortcode_after_header":"","ocean_has_shortcode":"","ocean_shortcode_after_title":"","ocean_shortcode_before_footer_widgets":"","ocean_shortcode_after_footer_widgets":"","ocean_shortcode_before_footer_bottom":"","ocean_shortcode_after_footer_bottom":"","ocean_display_top_bar":"default","ocean_display_header":"default","ocean_header_style":"","ocean_center_header_left_menu":"0","ocean_custom_header_template":"0","ocean_custom_logo":0,"ocean_custom_retina_logo":0,"ocean_custom_logo_max_width":0,"ocean_custom_logo_tablet_max_width":0,"ocean_custom_logo_mobile_max_width":0,"ocean_custom_logo_max_height":0,"ocean_custom_logo_tablet_max_height":0,"ocean_custom_logo_mobile_max_height":0,"ocean_header_custom_menu":"0","ocean_menu_typo_font_family":"0","ocean_menu_typo_font_subset":"","ocean_menu_typo_font_size":0,"ocean_menu_typo_font_size_tablet":0,"ocean_menu_typo_font_size_mobile":0,"ocean_menu_typo_font_size_unit":"px","ocean_menu_typo_font_weight":"","ocean_menu_typo_font_weight_tablet":"","ocean_menu_typo_font_weight_mobile":"","ocean_menu_typo_transform":"","ocean_menu_typo_transform_tablet":"","ocean_menu_typo_transform_mobile":"","ocean_menu_typo_line_height":0,"ocean_menu_typo_line_height_tablet":0,"ocean_menu_typo_line_height_mobile":0,"ocean_menu_typo_line_height_unit":"","ocean_menu_typo_spacing":0,"ocean_menu_typo_spacing_tablet":0,"ocean_menu_typo_spacing_mobile":0,"ocean_menu_typo_spacing_unit":"","ocean_menu_link_color":"","ocean_menu_link_color_hover":"","ocean_menu_link_color_active":"","ocean_menu_link_background":"","ocean_menu_link_hover_background":"","ocean_menu_link_active_background":"","ocean_menu_social_links_bg":"","ocean_menu_social_hover_links_bg":"","ocean_menu_social_links_color":"","ocean_menu_social_hover_links_color":"","ocean_disable_title":"default","ocean_disable_heading":"default","ocean_post_title":"","ocean_post_subheading":"","ocean_post_title_style":"","ocean_post_title_background_color":"","ocean_post_title_background":0,"ocean_post_title_bg_image_position":"","ocean_post_title_bg_image_attachment":"","ocean_post_title_bg_image_repeat":"","ocean_post_title_bg_image_size":"","ocean_post_title_height":0,"ocean_post_title_bg_overlay":0.5,"ocean_post_title_bg_overlay_color":"","ocean_disable_breadcrumbs":"default","ocean_breadcrumbs_color":"","ocean_breadcrumbs_separator_color":"","ocean_breadcrumbs_links_color":"","ocean_breadcrumbs_links_hover_color":"","ocean_display_footer_widgets":"default","ocean_display_footer_bottom":"default","ocean_custom_footer_template":"0","wds_primary_product_cat":0},"product_cat":[110],"product_tag":[132,186,187,130,193],"class_list":{"0":"post-2333","1":"product","2":"type-product","3":"status-publish","4":"has-post-thumbnail","6":"product_cat-automacao","7":"product_tag-acessorios-eletricos","8":"product_tag-automacao","9":"product_tag-controlador-inteligente","10":"product_tag-materiais-eletricos","11":"product_tag-tomada-inteligente","13":"entry","14":"has-media","16":"first","17":"instock","18":"shipping-taxable","19":"purchasable","20":"product-type-simple","21":"col","22":"span_1_of_4","23":"owp-content-left","24":"item-entry","25":"owp-thumbs-layout-horizontal","26":"owp-btn-big","27":"owp-tabs-layout-section"},"_links":{"self":[{"href":"https:\/\/loja.casapaulistaadamantina.com.br\/index.php\/wp-json\/wp\/v2\/product\/2333"}],"collection":[{"href":"https:\/\/loja.casapaulistaadamantina.com.br\/index.php\/wp-json\/wp\/v2\/product"}],"about":[{"href":"https:\/\/loja.casapaulistaadamantina.com.br\/index.php\/wp-json\/wp\/v2\/types\/product"}],"replies":[{"embeddable":true,"href":"https:\/\/loja.casapaulistaadamantina.com.br\/index.php\/wp-json\/wp\/v2\/comments?post=2333"}],"wp:featuredmedia":[{"embeddable":true,"href":"https:\/\/loja.casapaulistaadamantina.com.br\/index.php\/wp-json\/wp\/v2\/media\/2337"}],"wp:attachment":[{"href":"https:\/\/loja.casapaulistaadamantina.com.br\/index.php\/wp-json\/wp\/v2\/media?parent=2333"}],"wp:term":[{"taxonomy":"product_cat","embeddable":true,"href":"https:\/\/loja.casapaulistaadamantina.com.br\/index.php\/wp-json\/wp\/v2\/product_cat?post=2333"},{"taxonomy":"product_tag","embeddable":true,"href":"https:\/\/loja.casapaulistaadamantina.com.br\/index.php\/wp-json\/wp\/v2\/product_tag?post=2333"}],"curies":[{"name":"wp","href":"https:\/\/api.w.org\/{rel}","templated":true}]}}