{"id":2074,"date":"2024-08-21T15:11:18","date_gmt":"2024-08-21T18:11:18","guid":{"rendered":"https:\/\/loja.casapaulistaadamantina.com.br\/?post_type=product&#038;p=2074"},"modified":"2024-11-26T00:00:51","modified_gmt":"2024-11-26T03:00:51","slug":"escada-de-aluminio-telescopica-10-degraus-32-metros-mor","status":"publish","type":"product","link":"https:\/\/loja.casapaulistaadamantina.com.br\/index.php\/product\/escada-de-aluminio-telescopica-10-degraus-32-metros-mor\/","title":{"rendered":"Escada De Alum\u00ednio Telesc\u00f3pica 10 Degraus 3,2 Metros Mor"},"content":{"rendered":"<p>Escada de Alum\u00ednio Telesc\u00f3pica 10 Degraus 3,2 Metros MOR<\/p>\n<p>A Escada Telesc\u00f3pica Everest Alum\u00ednio da Mor \u00e9 perfeita tanto para uso dom\u00e9stico, como para uso profissional.<\/p>\n<p>Produzida em alum\u00ednio, possui 10 degraus e \u00e9 extremamente pr\u00e1tica e simples de manusear, \u00e9 f\u00e1cil de carregar pois possui cinto para mant\u00ea-la fechada e base pl\u00e1stica embaixo do pen\u00faltimo degrau em formato anat\u00f4mico para melhor transporte.<br \/>\nPara proporcionar um fechamento mais suave ela possui ponteiras emborrachadas entre os degraus.<br \/>\nCompacta, ocupa pouco espa\u00e7o, podendo ser guardada em arm\u00e1rios ou at\u00e9 mesmo no porta-malas de um ve\u00edculo.<br \/>\nExtremamente segura, suporta at\u00e9 150 Kg e os degraus s\u00e3o equipados com travas de seguran\u00e7a dos dois lados, garantindo estabilidade e firmeza durante a utiliza\u00e7\u00e3o.<br \/>\nTamb\u00e9m possui prote\u00e7\u00e3o nas extremidades, fixando a escada com seguran\u00e7a no piso e na parede.<\/p>\n<p>Medidas:<br \/>\nCAPACIDADE: 150 kg<br \/>\nalcan\u00e7a at\u00e9 3,12 metros<\/p>\n<p>Escada fechada: 8cm x 47cm x 80cm<br \/>\nEscada aberta: 8cm x 47cm x 3,20m<br \/>\nPESO: 9kg<\/p>\n","protected":false},"excerpt":{"rendered":"<p>Perfeita tanto para uso dom\u00e9stico, como para uso profissional, alcan\u00e7ando at\u00e9 3,2m e suportando 150Kg.<\/p>\n","protected":false},"featured_media":2079,"comment_status":"open","ping_status":"closed","template":"","meta":{"ocean_post_layout":"","ocean_both_sidebars_style":"","ocean_both_sidebars_content_width":0,"ocean_both_sidebars_sidebars_width":0,"ocean_sidebar":"0","ocean_second_sidebar":"0","ocean_disable_margins":"enable","ocean_add_body_class":"","ocean_shortcode_before_top_bar":"","ocean_shortcode_after_top_bar":"","ocean_shortcode_before_header":"","ocean_shortcode_after_header":"","ocean_has_shortcode":"","ocean_shortcode_after_title":"","ocean_shortcode_before_footer_widgets":"","ocean_shortcode_after_footer_widgets":"","ocean_shortcode_before_footer_bottom":"","ocean_shortcode_after_footer_bottom":"","ocean_display_top_bar":"default","ocean_display_header":"default","ocean_header_style":"","ocean_center_header_left_menu":"0","ocean_custom_header_template":"0","ocean_custom_logo":0,"ocean_custom_retina_logo":0,"ocean_custom_logo_max_width":0,"ocean_custom_logo_tablet_max_width":0,"ocean_custom_logo_mobile_max_width":0,"ocean_custom_logo_max_height":0,"ocean_custom_logo_tablet_max_height":0,"ocean_custom_logo_mobile_max_height":0,"ocean_header_custom_menu":"0","ocean_menu_typo_font_family":"0","ocean_menu_typo_font_subset":"","ocean_menu_typo_font_size":0,"ocean_menu_typo_font_size_tablet":0,"ocean_menu_typo_font_size_mobile":0,"ocean_menu_typo_font_size_unit":"px","ocean_menu_typo_font_weight":"","ocean_menu_typo_font_weight_tablet":"","ocean_menu_typo_font_weight_mobile":"","ocean_menu_typo_transform":"","ocean_menu_typo_transform_tablet":"","ocean_menu_typo_transform_mobile":"","ocean_menu_typo_line_height":0,"ocean_menu_typo_line_height_tablet":0,"ocean_menu_typo_line_height_mobile":0,"ocean_menu_typo_line_height_unit":"","ocean_menu_typo_spacing":0,"ocean_menu_typo_spacing_tablet":0,"ocean_menu_typo_spacing_mobile":0,"ocean_menu_typo_spacing_unit":"","ocean_menu_link_color":"","ocean_menu_link_color_hover":"","ocean_menu_link_color_active":"","ocean_menu_link_background":"","ocean_menu_link_hover_background":"","ocean_menu_link_active_background":"","ocean_menu_social_links_bg":"","ocean_menu_social_hover_links_bg":"","ocean_menu_social_links_color":"","ocean_menu_social_hover_links_color":"","ocean_disable_title":"default","ocean_disable_heading":"default","ocean_post_title":"","ocean_post_subheading":"","ocean_post_title_style":"","ocean_post_title_background_color":"","ocean_post_title_background":0,"ocean_post_title_bg_image_position":"","ocean_post_title_bg_image_attachment":"","ocean_post_title_bg_image_repeat":"","ocean_post_title_bg_image_size":"","ocean_post_title_height":0,"ocean_post_title_bg_overlay":0.5,"ocean_post_title_bg_overlay_color":"","ocean_disable_breadcrumbs":"default","ocean_breadcrumbs_color":"","ocean_breadcrumbs_separator_color":"","ocean_breadcrumbs_links_color":"","ocean_breadcrumbs_links_hover_color":"","ocean_display_footer_widgets":"default","ocean_display_footer_bottom":"default","ocean_custom_footer_template":"0","wds_primary_product_cat":0},"product_cat":[160],"product_tag":[161,162],"class_list":{"0":"post-2074","1":"product","2":"type-product","3":"status-publish","4":"has-post-thumbnail","6":"product_cat-escadas","7":"product_tag-casa-e-acessorios","8":"product_tag-escada","10":"entry","11":"has-media","13":"first","14":"instock","15":"shipping-taxable","16":"purchasable","17":"product-type-simple","18":"col","19":"span_1_of_4","20":"owp-content-left","21":"item-entry","22":"owp-thumbs-layout-horizontal","23":"owp-btn-big","24":"owp-tabs-layout-section"},"_links":{"self":[{"href":"https:\/\/loja.casapaulistaadamantina.com.br\/index.php\/wp-json\/wp\/v2\/product\/2074"}],"collection":[{"href":"https:\/\/loja.casapaulistaadamantina.com.br\/index.php\/wp-json\/wp\/v2\/product"}],"about":[{"href":"https:\/\/loja.casapaulistaadamantina.com.br\/index.php\/wp-json\/wp\/v2\/types\/product"}],"replies":[{"embeddable":true,"href":"https:\/\/loja.casapaulistaadamantina.com.br\/index.php\/wp-json\/wp\/v2\/comments?post=2074"}],"wp:featuredmedia":[{"embeddable":true,"href":"https:\/\/loja.casapaulistaadamantina.com.br\/index.php\/wp-json\/wp\/v2\/media\/2079"}],"wp:attachment":[{"href":"https:\/\/loja.casapaulistaadamantina.com.br\/index.php\/wp-json\/wp\/v2\/media?parent=2074"}],"wp:term":[{"taxonomy":"product_cat","embeddable":true,"href":"https:\/\/loja.casapaulistaadamantina.com.br\/index.php\/wp-json\/wp\/v2\/product_cat?post=2074"},{"taxonomy":"product_tag","embeddable":true,"href":"https:\/\/loja.casapaulistaadamantina.com.br\/index.php\/wp-json\/wp\/v2\/product_tag?post=2074"}],"curies":[{"name":"wp","href":"https:\/\/api.w.org\/{rel}","templated":true}]}}