{"id":1547,"date":"2024-05-16T14:29:45","date_gmt":"2024-05-16T17:29:45","guid":{"rendered":"https:\/\/loja.casapaulistaadamantina.com.br\/?post_type=product&#038;p=1547"},"modified":"2025-08-18T11:25:41","modified_gmt":"2025-08-18T14:25:41","slug":"misturador-monocomando-para-lavatorio-de-mesa-lift-docol-795906","status":"publish","type":"product","link":"https:\/\/loja.casapaulistaadamantina.com.br\/index.php\/product\/misturador-monocomando-para-lavatorio-de-mesa-lift-docol-795906\/","title":{"rendered":"Misturador Monocomando para Lavat\u00f3rio de Mesa Lift Docol 795906"},"content":{"rendered":"<p>O misturador monocomando para banheiro da linha Lift \u00e9, simplificadamente, uma torneira com acionamento de \u00e1gua quente e fria num s\u00f3 volante. Nesse produto, voc\u00ea encontra um design robusto e pr\u00e1tico, que valoriza a alta tecnologia e funcionalidade no dia a dia.<\/p>\n<p>&#8211; Medidas do Produto: Altura: 14,3cm \/ Largura: 4,8cm \/ Profundidade: 15,8cm<br \/>\n&#8211; Arejador: Embutido<br \/>\n&#8211; Modelo: Docol Lift<br \/>\n&#8211; Bica: Baixa<br \/>\n&#8211; Bica M\u00f3vel: N\u00e3o<br \/>\n&#8211; Cor: Cromado<br \/>\n&#8211; Compat\u00edvel com Sistemas de Aquecimento: Sim<br \/>\n&#8211; Temperatura M\u00e1xima da \u00c1gua: 70\u00b0C<br \/>\n&#8211; Local de Uso: Bancada<br \/>\n&#8211; Conex\u00e3o de Entrada: 1\/2&#8243;<br \/>\n&#8211; Modelo: 795906<br \/>\n&#8211; Press\u00e3o de Funcionamento: 20 a 400kPa (2 a 40mca)<\/p>\n","protected":false},"excerpt":{"rendered":"<p>Misturador Monocomando.<\/p>\n","protected":false},"featured_media":1549,"comment_status":"open","ping_status":"closed","template":"","meta":{"ocean_post_layout":"","ocean_both_sidebars_style":"","ocean_both_sidebars_content_width":0,"ocean_both_sidebars_sidebars_width":0,"ocean_sidebar":"0","ocean_second_sidebar":"0","ocean_disable_margins":"enable","ocean_add_body_class":"","ocean_shortcode_before_top_bar":"","ocean_shortcode_after_top_bar":"","ocean_shortcode_before_header":"","ocean_shortcode_after_header":"","ocean_has_shortcode":"","ocean_shortcode_after_title":"","ocean_shortcode_before_footer_widgets":"","ocean_shortcode_after_footer_widgets":"","ocean_shortcode_before_footer_bottom":"","ocean_shortcode_after_footer_bottom":"","ocean_display_top_bar":"default","ocean_display_header":"default","ocean_header_style":"","ocean_center_header_left_menu":"0","ocean_custom_header_template":"0","ocean_custom_logo":0,"ocean_custom_retina_logo":0,"ocean_custom_logo_max_width":0,"ocean_custom_logo_tablet_max_width":0,"ocean_custom_logo_mobile_max_width":0,"ocean_custom_logo_max_height":0,"ocean_custom_logo_tablet_max_height":0,"ocean_custom_logo_mobile_max_height":0,"ocean_header_custom_menu":"0","ocean_menu_typo_font_family":"0","ocean_menu_typo_font_subset":"","ocean_menu_typo_font_size":0,"ocean_menu_typo_font_size_tablet":0,"ocean_menu_typo_font_size_mobile":0,"ocean_menu_typo_font_size_unit":"px","ocean_menu_typo_font_weight":"","ocean_menu_typo_font_weight_tablet":"","ocean_menu_typo_font_weight_mobile":"","ocean_menu_typo_transform":"","ocean_menu_typo_transform_tablet":"","ocean_menu_typo_transform_mobile":"","ocean_menu_typo_line_height":0,"ocean_menu_typo_line_height_tablet":0,"ocean_menu_typo_line_height_mobile":0,"ocean_menu_typo_line_height_unit":"","ocean_menu_typo_spacing":0,"ocean_menu_typo_spacing_tablet":0,"ocean_menu_typo_spacing_mobile":0,"ocean_menu_typo_spacing_unit":"","ocean_menu_link_color":"","ocean_menu_link_color_hover":"","ocean_menu_link_color_active":"","ocean_menu_link_background":"","ocean_menu_link_hover_background":"","ocean_menu_link_active_background":"","ocean_menu_social_links_bg":"","ocean_menu_social_hover_links_bg":"","ocean_menu_social_links_color":"","ocean_menu_social_hover_links_color":"","ocean_disable_title":"default","ocean_disable_heading":"default","ocean_post_title":"","ocean_post_subheading":"","ocean_post_title_style":"","ocean_post_title_background_color":"","ocean_post_title_background":0,"ocean_post_title_bg_image_position":"","ocean_post_title_bg_image_attachment":"","ocean_post_title_bg_image_repeat":"","ocean_post_title_bg_image_size":"","ocean_post_title_height":0,"ocean_post_title_bg_overlay":0.5,"ocean_post_title_bg_overlay_color":"","ocean_disable_breadcrumbs":"default","ocean_breadcrumbs_color":"","ocean_breadcrumbs_separator_color":"","ocean_breadcrumbs_links_color":"","ocean_breadcrumbs_links_hover_color":"","ocean_display_footer_widgets":"default","ocean_display_footer_bottom":"default","ocean_custom_footer_template":"0","wds_primary_product_cat":0},"product_cat":[78],"product_tag":[117,150,120,119],"class_list":{"0":"post-1547","1":"product","2":"type-product","3":"status-publish","4":"has-post-thumbnail","6":"product_cat-torneiras","7":"product_tag-banheiro","8":"product_tag-docol","9":"product_tag-materiais-hidraulicos","10":"product_tag-torneiras","12":"entry","13":"has-media","15":"first","16":"instock","17":"shipping-taxable","18":"purchasable","19":"product-type-simple","20":"col","21":"span_1_of_4","22":"owp-content-left","23":"item-entry","24":"owp-thumbs-layout-horizontal","25":"owp-btn-big","26":"owp-tabs-layout-section"},"_links":{"self":[{"href":"https:\/\/loja.casapaulistaadamantina.com.br\/index.php\/wp-json\/wp\/v2\/product\/1547"}],"collection":[{"href":"https:\/\/loja.casapaulistaadamantina.com.br\/index.php\/wp-json\/wp\/v2\/product"}],"about":[{"href":"https:\/\/loja.casapaulistaadamantina.com.br\/index.php\/wp-json\/wp\/v2\/types\/product"}],"replies":[{"embeddable":true,"href":"https:\/\/loja.casapaulistaadamantina.com.br\/index.php\/wp-json\/wp\/v2\/comments?post=1547"}],"wp:featuredmedia":[{"embeddable":true,"href":"https:\/\/loja.casapaulistaadamantina.com.br\/index.php\/wp-json\/wp\/v2\/media\/1549"}],"wp:attachment":[{"href":"https:\/\/loja.casapaulistaadamantina.com.br\/index.php\/wp-json\/wp\/v2\/media?parent=1547"}],"wp:term":[{"taxonomy":"product_cat","embeddable":true,"href":"https:\/\/loja.casapaulistaadamantina.com.br\/index.php\/wp-json\/wp\/v2\/product_cat?post=1547"},{"taxonomy":"product_tag","embeddable":true,"href":"https:\/\/loja.casapaulistaadamantina.com.br\/index.php\/wp-json\/wp\/v2\/product_tag?post=1547"}],"curies":[{"name":"wp","href":"https:\/\/api.w.org\/{rel}","templated":true}]}}