{"id":1481,"date":"2024-05-14T17:11:23","date_gmt":"2024-05-14T20:11:23","guid":{"rendered":"https:\/\/loja.casapaulistaadamantina.com.br\/?post_type=product&#038;p=1481"},"modified":"2025-12-01T09:25:28","modified_gmt":"2025-12-01T12:25:28","slug":"torneira-cozinha-plastica-parede-bica-movel-horizontal-cross-476-tigre","status":"publish","type":"product","link":"https:\/\/loja.casapaulistaadamantina.com.br\/index.php\/product\/torneira-cozinha-plastica-parede-bica-movel-horizontal-cross-476-tigre\/","title":{"rendered":"Torneira Cozinha Pl\u00e1stica Parede Bica M\u00f3vel Horizontal Cross 476 Tigre"},"content":{"rendered":"<p>A Torneira Tigre Cross 476 \u00e9 projetada para oferecer praticidade no dia a dia, facilitando as tarefas na cozinha. Seu formato horizontal permite um f\u00e1cil manuseio e direcionamento do fluxo de \u00e1gua, tornando-a ideal para diversas atividades.<\/p>\n<p>Constru\u00edda com materiais de alta qualidade, ela assegura resist\u00eancia e longa vida \u00fatil. O mecanismo de acionamento suave acrescenta conforto \u00e0 sua rotina di\u00e1ria na cozinha.<\/p>\n<p>&#8211; Tipo de Acionamento Torneira 1\/2 Volta<br \/>\n&#8211; Altura: 20,00 cm<br \/>\n&#8211; Largura: 20,00 cm<br \/>\n&#8211; Cor: Branco<\/p>\n","protected":false},"excerpt":{"rendered":"<p>Torneira Cozinha Pl\u00e1stica Parede Bica M\u00f3vel Horizontal.<\/p>\n","protected":false},"featured_media":1484,"comment_status":"open","ping_status":"closed","template":"","meta":{"ocean_post_layout":"","ocean_both_sidebars_style":"","ocean_both_sidebars_content_width":0,"ocean_both_sidebars_sidebars_width":0,"ocean_sidebar":"0","ocean_second_sidebar":"0","ocean_disable_margins":"enable","ocean_add_body_class":"","ocean_shortcode_before_top_bar":"","ocean_shortcode_after_top_bar":"","ocean_shortcode_before_header":"","ocean_shortcode_after_header":"","ocean_has_shortcode":"","ocean_shortcode_after_title":"","ocean_shortcode_before_footer_widgets":"","ocean_shortcode_after_footer_widgets":"","ocean_shortcode_before_footer_bottom":"","ocean_shortcode_after_footer_bottom":"","ocean_display_top_bar":"default","ocean_display_header":"default","ocean_header_style":"","ocean_center_header_left_menu":"0","ocean_custom_header_template":"0","ocean_custom_logo":0,"ocean_custom_retina_logo":0,"ocean_custom_logo_max_width":0,"ocean_custom_logo_tablet_max_width":0,"ocean_custom_logo_mobile_max_width":0,"ocean_custom_logo_max_height":0,"ocean_custom_logo_tablet_max_height":0,"ocean_custom_logo_mobile_max_height":0,"ocean_header_custom_menu":"0","ocean_menu_typo_font_family":"0","ocean_menu_typo_font_subset":"","ocean_menu_typo_font_size":0,"ocean_menu_typo_font_size_tablet":0,"ocean_menu_typo_font_size_mobile":0,"ocean_menu_typo_font_size_unit":"px","ocean_menu_typo_font_weight":"","ocean_menu_typo_font_weight_tablet":"","ocean_menu_typo_font_weight_mobile":"","ocean_menu_typo_transform":"","ocean_menu_typo_transform_tablet":"","ocean_menu_typo_transform_mobile":"","ocean_menu_typo_line_height":0,"ocean_menu_typo_line_height_tablet":0,"ocean_menu_typo_line_height_mobile":0,"ocean_menu_typo_line_height_unit":"","ocean_menu_typo_spacing":0,"ocean_menu_typo_spacing_tablet":0,"ocean_menu_typo_spacing_mobile":0,"ocean_menu_typo_spacing_unit":"","ocean_menu_link_color":"","ocean_menu_link_color_hover":"","ocean_menu_link_color_active":"","ocean_menu_link_background":"","ocean_menu_link_hover_background":"","ocean_menu_link_active_background":"","ocean_menu_social_links_bg":"","ocean_menu_social_hover_links_bg":"","ocean_menu_social_links_color":"","ocean_menu_social_hover_links_color":"","ocean_disable_title":"default","ocean_disable_heading":"default","ocean_post_title":"","ocean_post_subheading":"","ocean_post_title_style":"","ocean_post_title_background_color":"","ocean_post_title_background":0,"ocean_post_title_bg_image_position":"","ocean_post_title_bg_image_attachment":"","ocean_post_title_bg_image_repeat":"","ocean_post_title_bg_image_size":"","ocean_post_title_height":0,"ocean_post_title_bg_overlay":0.5,"ocean_post_title_bg_overlay_color":"","ocean_disable_breadcrumbs":"default","ocean_breadcrumbs_color":"","ocean_breadcrumbs_separator_color":"","ocean_breadcrumbs_links_color":"","ocean_breadcrumbs_links_hover_color":"","ocean_display_footer_widgets":"default","ocean_display_footer_bottom":"default","ocean_custom_footer_template":"0","wds_primary_product_cat":0},"product_cat":[78],"product_tag":[117,118,120,119],"class_list":{"0":"post-1481","1":"product","2":"type-product","3":"status-publish","4":"has-post-thumbnail","6":"product_cat-torneiras","7":"product_tag-banheiro","8":"product_tag-cozinha","9":"product_tag-materiais-hidraulicos","10":"product_tag-torneiras","12":"entry","13":"has-media","15":"first","16":"instock","17":"shipping-taxable","18":"purchasable","19":"product-type-simple","20":"col","21":"span_1_of_4","22":"owp-content-left","23":"item-entry","24":"owp-thumbs-layout-horizontal","25":"owp-btn-big","26":"owp-tabs-layout-section"},"_links":{"self":[{"href":"https:\/\/loja.casapaulistaadamantina.com.br\/index.php\/wp-json\/wp\/v2\/product\/1481"}],"collection":[{"href":"https:\/\/loja.casapaulistaadamantina.com.br\/index.php\/wp-json\/wp\/v2\/product"}],"about":[{"href":"https:\/\/loja.casapaulistaadamantina.com.br\/index.php\/wp-json\/wp\/v2\/types\/product"}],"replies":[{"embeddable":true,"href":"https:\/\/loja.casapaulistaadamantina.com.br\/index.php\/wp-json\/wp\/v2\/comments?post=1481"}],"wp:featuredmedia":[{"embeddable":true,"href":"https:\/\/loja.casapaulistaadamantina.com.br\/index.php\/wp-json\/wp\/v2\/media\/1484"}],"wp:attachment":[{"href":"https:\/\/loja.casapaulistaadamantina.com.br\/index.php\/wp-json\/wp\/v2\/media?parent=1481"}],"wp:term":[{"taxonomy":"product_cat","embeddable":true,"href":"https:\/\/loja.casapaulistaadamantina.com.br\/index.php\/wp-json\/wp\/v2\/product_cat?post=1481"},{"taxonomy":"product_tag","embeddable":true,"href":"https:\/\/loja.casapaulistaadamantina.com.br\/index.php\/wp-json\/wp\/v2\/product_tag?post=1481"}],"curies":[{"name":"wp","href":"https:\/\/api.w.org\/{rel}","templated":true}]}}