{"id":1473,"date":"2024-05-14T15:56:11","date_gmt":"2024-05-14T18:56:11","guid":{"rendered":"https:\/\/loja.casapaulistaadamantina.com.br\/?post_type=product&#038;p=1473"},"modified":"2025-06-25T09:30:28","modified_gmt":"2025-06-25T12:30:28","slug":"filtro-de-agua-3m-bella-fonte-aqualar-azul","status":"publish","type":"product","link":"https:\/\/loja.casapaulistaadamantina.com.br\/index.php\/product\/filtro-de-agua-3m-bella-fonte-aqualar-azul\/","title":{"rendered":"Filtro de Agua 3M Bella Fonte Aqualar Azul"},"content":{"rendered":"<p>O Filtro de \u00c1gua 3M possui um sistema de filtra\u00e7\u00e3o diferenciado no mercado denominado como Carbon Block, trazendo inova\u00e7\u00e3o e efici\u00eancia aos sistemas de filtra\u00e7\u00e3o presentes no mercado, permitindo uma maior vaz\u00e3o da \u00e1gua filtrada sem prejudicar a qualidade da filtra\u00e7\u00e3o. \u00c9 equipado com uma torneira rosque\u00e1vel com anel de veda\u00e7\u00e3o para fechar e abrir o registro de \u00e1gua com praticidade e seguran\u00e7a.<\/p>\n<p>Dispon\u00edvel na cor azul, o filtro de \u00e1gua 3M Aqualar Bella Fonte possui fluxo cont\u00ednuo de \u00e1gua em temperatura natural, pronta para beber, fazer gelo, sucos, caf\u00e9, lavar os alimentos e cozinhar.<\/p>\n<p>O modelo \u00e9 de f\u00e1cil instala\u00e7\u00e3o e ideal para a cozinha da sua casa, tanto na parede, quanto acoplado na torneira, sem necessidade de ser ligado \u00e0 tomada. A troca do refil \u00e9 r\u00e1pida e f\u00e1cil, e pode ser feita sem necessidade de assist\u00eancia t\u00e9cnica.<\/p>\n<p>Recomenda-se a troca do refil a cada 6 meses, dependendo do volume de uso e da qualidade da \u00e1gua. Ao realizar a troca, deve ser utilizado refil exclusivo para o filtro de \u00e1gua Bella Fonte, pois ele tem encaixe perfeito com a base do filtro, evitando que a \u00e1gua passe sem ser filtrada.<\/p>\n<p>&#8211; Aprovado pelo INMETRO<br \/>\n&#8211; Econ\u00f4mico: 1 refil equivale a 75 gal\u00f5es de 20 litros (1.500 litros)<br \/>\n&#8211; Manuten\u00e7\u00e3o f\u00e1cil, pr\u00e1tica e econ\u00f4mica, sem necessidade de assist\u00eancia t\u00e9cnica<\/p>\n<p>EMBALAGEM<br \/>\n01 Filtro de \u00e1gua 3M Aqualar Bella Fonte.<br \/>\n01 Refil 3M Aqualar Bella Fonte.<br \/>\n01 Niple de 1\/2 polegadas.<\/p>\n<p>&nbsp;<\/p>\n<p>INFORMA\u00c7\u00d5ES T\u00c9CNICAS<br \/>\n&#8211; Instru\u00e7\u00f5es de instala\u00e7\u00e3o na pr\u00f3pria embalagem.<br \/>\n&#8211; Dimens\u00f5es aprox. do produto (L x A x P): 200 x 190 x 120 (mm)<br \/>\n&#8211; Dimens\u00f5es aprox. com embalagem (L x A x P): 230 x 290 x 130 (mm).<br \/>\n&#8211; Peso aprox. do produto: 1.030 gramas<br \/>\n&#8211; Reten\u00e7\u00e3o de particulado (classifica\u00e7\u00e3o INMETRO): Classe III (part\u00edculas de 5 a 15um)<br \/>\n&#8211; Reten\u00e7\u00e3o de Cloro (classifica\u00e7\u00e3o INMETRO): Classe I (Ret\u00e9m mais de 75% do cloro presente na \u00e1gua)<br \/>\n&#8211; Press\u00e3o m\u00e1xima suportada: 400 kPa (40 m.c.a= metro por coluna d\u00e1gua).<br \/>\n&#8211; Perda de carga do filtro: 200 kPa (20 m.c.a= metro por coluna d\u00e1gua).<br \/>\n&#8211; Aparelho para ponto de uso em \u00e1gua pot\u00e1vel, de acordo com a Portaria no 518 do Minist\u00e9rio da Sa\u00fade<br \/>\n&#8211; C\u00f3digo EAN: 7896969906902<\/p>\n","protected":false},"excerpt":{"rendered":"<p>O Filtro de \u00c1gua 3M \u00e9 ideal para ser instalado na cozinha da sua casa, seja na parede ou acoplado na torneira, sem necessidade de ser ligado \u00e0 tomada.<\/p>\n","protected":false},"featured_media":1474,"comment_status":"open","ping_status":"closed","template":"","meta":{"ocean_post_layout":"","ocean_both_sidebars_style":"","ocean_both_sidebars_content_width":0,"ocean_both_sidebars_sidebars_width":0,"ocean_sidebar":"0","ocean_second_sidebar":"0","ocean_disable_margins":"enable","ocean_add_body_class":"","ocean_shortcode_before_top_bar":"","ocean_shortcode_after_top_bar":"","ocean_shortcode_before_header":"","ocean_shortcode_after_header":"","ocean_has_shortcode":"","ocean_shortcode_after_title":"","ocean_shortcode_before_footer_widgets":"","ocean_shortcode_after_footer_widgets":"","ocean_shortcode_before_footer_bottom":"","ocean_shortcode_after_footer_bottom":"","ocean_display_top_bar":"default","ocean_display_header":"default","ocean_header_style":"","ocean_center_header_left_menu":"0","ocean_custom_header_template":"0","ocean_custom_logo":0,"ocean_custom_retina_logo":0,"ocean_custom_logo_max_width":0,"ocean_custom_logo_tablet_max_width":0,"ocean_custom_logo_mobile_max_width":0,"ocean_custom_logo_max_height":0,"ocean_custom_logo_tablet_max_height":0,"ocean_custom_logo_mobile_max_height":0,"ocean_header_custom_menu":"0","ocean_menu_typo_font_family":"0","ocean_menu_typo_font_subset":"","ocean_menu_typo_font_size":0,"ocean_menu_typo_font_size_tablet":0,"ocean_menu_typo_font_size_mobile":0,"ocean_menu_typo_font_size_unit":"px","ocean_menu_typo_font_weight":"","ocean_menu_typo_font_weight_tablet":"","ocean_menu_typo_font_weight_mobile":"","ocean_menu_typo_transform":"","ocean_menu_typo_transform_tablet":"","ocean_menu_typo_transform_mobile":"","ocean_menu_typo_line_height":0,"ocean_menu_typo_line_height_tablet":0,"ocean_menu_typo_line_height_mobile":0,"ocean_menu_typo_line_height_unit":"","ocean_menu_typo_spacing":0,"ocean_menu_typo_spacing_tablet":0,"ocean_menu_typo_spacing_mobile":0,"ocean_menu_typo_spacing_unit":"","ocean_menu_link_color":"","ocean_menu_link_color_hover":"","ocean_menu_link_color_active":"","ocean_menu_link_background":"","ocean_menu_link_hover_background":"","ocean_menu_link_active_background":"","ocean_menu_social_links_bg":"","ocean_menu_social_hover_links_bg":"","ocean_menu_social_links_color":"","ocean_menu_social_hover_links_color":"","ocean_disable_title":"default","ocean_disable_heading":"default","ocean_post_title":"","ocean_post_subheading":"","ocean_post_title_style":"","ocean_post_title_background_color":"","ocean_post_title_background":0,"ocean_post_title_bg_image_position":"","ocean_post_title_bg_image_attachment":"","ocean_post_title_bg_image_repeat":"","ocean_post_title_bg_image_size":"","ocean_post_title_height":0,"ocean_post_title_bg_overlay":0.5,"ocean_post_title_bg_overlay_color":"","ocean_disable_breadcrumbs":"default","ocean_breadcrumbs_color":"","ocean_breadcrumbs_separator_color":"","ocean_breadcrumbs_links_color":"","ocean_breadcrumbs_links_hover_color":"","ocean_display_footer_widgets":"default","ocean_display_footer_bottom":"default","ocean_custom_footer_template":"0","wds_primary_product_cat":0},"product_cat":[65],"product_tag":[],"class_list":{"0":"post-1473","1":"product","2":"type-product","3":"status-publish","4":"has-post-thumbnail","6":"product_cat-cozinha","8":"entry","9":"has-media","11":"first","12":"outofstock","13":"shipping-taxable","14":"purchasable","15":"product-type-simple","16":"col","17":"span_1_of_4","18":"owp-content-left","19":"item-entry","20":"owp-thumbs-layout-horizontal","21":"owp-btn-big","22":"owp-tabs-layout-section"},"_links":{"self":[{"href":"https:\/\/loja.casapaulistaadamantina.com.br\/index.php\/wp-json\/wp\/v2\/product\/1473"}],"collection":[{"href":"https:\/\/loja.casapaulistaadamantina.com.br\/index.php\/wp-json\/wp\/v2\/product"}],"about":[{"href":"https:\/\/loja.casapaulistaadamantina.com.br\/index.php\/wp-json\/wp\/v2\/types\/product"}],"replies":[{"embeddable":true,"href":"https:\/\/loja.casapaulistaadamantina.com.br\/index.php\/wp-json\/wp\/v2\/comments?post=1473"}],"wp:featuredmedia":[{"embeddable":true,"href":"https:\/\/loja.casapaulistaadamantina.com.br\/index.php\/wp-json\/wp\/v2\/media\/1474"}],"wp:attachment":[{"href":"https:\/\/loja.casapaulistaadamantina.com.br\/index.php\/wp-json\/wp\/v2\/media?parent=1473"}],"wp:term":[{"taxonomy":"product_cat","embeddable":true,"href":"https:\/\/loja.casapaulistaadamantina.com.br\/index.php\/wp-json\/wp\/v2\/product_cat?post=1473"},{"taxonomy":"product_tag","embeddable":true,"href":"https:\/\/loja.casapaulistaadamantina.com.br\/index.php\/wp-json\/wp\/v2\/product_tag?post=1473"}],"curies":[{"name":"wp","href":"https:\/\/api.w.org\/{rel}","templated":true}]}}