{"id":2480,"date":"2024-09-30T18:08:32","date_gmt":"2024-09-30T21:08:32","guid":{"rendered":"https:\/\/loja.casapaulistaadamantina.com.br\/?page_id=2480"},"modified":"2024-10-01T14:27:07","modified_gmt":"2024-10-01T17:27:07","slug":"conta","status":"publish","type":"page","link":"https:\/\/loja.casapaulistaadamantina.com.br\/index.php\/conta\/","title":{"rendered":"Conta"},"content":{"rendered":"\t\t<div data-elementor-type=\"wp-page\" data-elementor-id=\"2480\" class=\"elementor elementor-2480\" data-elementor-post-type=\"page\">\n\t\t\t\t<div class=\"elementor-element elementor-element-830a5fb e-con-full e-flex e-con e-parent\" data-id=\"830a5fb\" data-element_type=\"container\">\n\t\t<div class=\"elementor-element elementor-element-bd83646 e-con-full e-flex e-con e-child\" data-id=\"bd83646\" data-element_type=\"container\" data-settings=\"{&quot;background_background&quot;:&quot;classic&quot;}\">\n\t\t\t\t<div class=\"elementor-element elementor-element-15e684b elementor-widget elementor-widget-image\" data-id=\"15e684b\" data-element_type=\"widget\" data-widget_type=\"image.default\">\n\t\t\t\t<div class=\"elementor-widget-container\">\n\t\t\t\t\t\t\t\t\t\t\t\t\t\t\t<picture><source srcset=\"https:\/\/loja.casapaulistaadamantina.com.br\/wp-content\/webp-express\/webp-images\/uploads\/2024\/07\/cropped-CFP-logo-rebrand-150x150.jpg.webp 150w, https:\/\/loja.casapaulistaadamantina.com.br\/wp-content\/webp-express\/webp-images\/uploads\/2024\/07\/cropped-CFP-logo-rebrand-300x300.jpg.webp 300w, https:\/\/loja.casapaulistaadamantina.com.br\/wp-content\/webp-express\/webp-images\/uploads\/2024\/07\/cropped-CFP-logo-rebrand-500x500.jpg.webp 500w, https:\/\/loja.casapaulistaadamantina.com.br\/wp-content\/webp-express\/webp-images\/uploads\/2024\/07\/cropped-CFP-logo-rebrand-100x100.jpg.webp 100w, https:\/\/loja.casapaulistaadamantina.com.br\/wp-content\/webp-express\/webp-images\/uploads\/2024\/07\/cropped-CFP-logo-rebrand-64x64.jpg.webp 64w, https:\/\/loja.casapaulistaadamantina.com.br\/wp-content\/webp-express\/webp-images\/uploads\/2024\/07\/cropped-CFP-logo-rebrand-270x270.jpg.webp 270w, https:\/\/loja.casapaulistaadamantina.com.br\/wp-content\/webp-express\/webp-images\/uploads\/2024\/07\/cropped-CFP-logo-rebrand-192x192.jpg.webp 192w, https:\/\/loja.casapaulistaadamantina.com.br\/wp-content\/webp-express\/webp-images\/uploads\/2024\/07\/cropped-CFP-logo-rebrand-180x180.jpg.webp 180w, https:\/\/loja.casapaulistaadamantina.com.br\/wp-content\/webp-express\/webp-images\/uploads\/2024\/07\/cropped-CFP-logo-rebrand-32x32.jpg.webp 32w, https:\/\/loja.casapaulistaadamantina.com.br\/wp-content\/webp-express\/webp-images\/uploads\/2024\/07\/cropped-CFP-logo-rebrand.jpg.webp 512w\" sizes=\"(max-width: 150px) 100vw, 150px\" type=\"image\/webp\"><img decoding=\"async\" width=\"150\" height=\"150\" src=\"https:\/\/loja.casapaulistaadamantina.com.br\/wp-content\/uploads\/2024\/07\/cropped-CFP-logo-rebrand-150x150.jpg\" class=\"attachment-thumbnail size-thumbnail wp-image-2055 webpexpress-processed\" alt=\"\" srcset=\"https:\/\/loja.casapaulistaadamantina.com.br\/wp-content\/uploads\/2024\/07\/cropped-CFP-logo-rebrand-150x150.jpg 150w, https:\/\/loja.casapaulistaadamantina.com.br\/wp-content\/uploads\/2024\/07\/cropped-CFP-logo-rebrand-300x300.jpg 300w, https:\/\/loja.casapaulistaadamantina.com.br\/wp-content\/uploads\/2024\/07\/cropped-CFP-logo-rebrand-500x500.jpg 500w, https:\/\/loja.casapaulistaadamantina.com.br\/wp-content\/uploads\/2024\/07\/cropped-CFP-logo-rebrand-100x100.jpg 100w, https:\/\/loja.casapaulistaadamantina.com.br\/wp-content\/uploads\/2024\/07\/cropped-CFP-logo-rebrand-64x64.jpg 64w, https:\/\/loja.casapaulistaadamantina.com.br\/wp-content\/uploads\/2024\/07\/cropped-CFP-logo-rebrand-270x270.jpg 270w, https:\/\/loja.casapaulistaadamantina.com.br\/wp-content\/uploads\/2024\/07\/cropped-CFP-logo-rebrand-192x192.jpg 192w, https:\/\/loja.casapaulistaadamantina.com.br\/wp-content\/uploads\/2024\/07\/cropped-CFP-logo-rebrand-180x180.jpg 180w, https:\/\/loja.casapaulistaadamantina.com.br\/wp-content\/uploads\/2024\/07\/cropped-CFP-logo-rebrand-32x32.jpg 32w, https:\/\/loja.casapaulistaadamantina.com.br\/wp-content\/uploads\/2024\/07\/cropped-CFP-logo-rebrand.jpg 512w\" sizes=\"(max-width: 150px) 100vw, 150px\"><\/picture>\t\t\t\t\t\t\t\t\t\t\t\t\t\t\t<\/div>\n\t\t\t\t<\/div>\n\t\t\t\t<div class=\"elementor-element elementor-element-1da6d2c elementor-widget elementor-widget-heading\" data-id=\"1da6d2c\" data-element_type=\"widget\" data-widget_type=\"heading.default\">\n\t\t\t\t<div class=\"elementor-widget-container\">\n\t\t\t\t\t<h2 class=\"elementor-heading-title elementor-size-default\">A <b>Casa Paulista<\/b> estar\u00e1 presente na sua Constru\u00e7\u00e3o, Reforma ou Manuten\u00e7\u00e3o.<\/h2>\t\t\t\t<\/div>\n\t\t\t\t<\/div>\n\t\t\t\t<div class=\"elementor-element elementor-element-e9484be elementor-widget elementor-widget-heading\" data-id=\"e9484be\" data-element_type=\"widget\" data-widget_type=\"heading.default\">\n\t\t\t\t<div class=\"elementor-widget-container\">\n\t\t\t\t\t<h2 class=\"elementor-heading-title elementor-size-default\">Tenha a praticidade de escolher, comprar e receber no conforto da sua casa.<\/h2>\t\t\t\t<\/div>\n\t\t\t\t<\/div>\n\t\t\t\t<\/div>\n\t\t<div class=\"elementor-element elementor-element-5db604f e-con-full e-flex e-con e-child\" data-id=\"5db604f\" data-element_type=\"container\" data-settings=\"{&quot;background_background&quot;:&quot;classic&quot;}\">\n\t\t<div class=\"elementor-element elementor-element-b7f10f8 e-con-full e-flex e-con e-child\" data-id=\"b7f10f8\" data-element_type=\"container\" data-settings=\"{&quot;background_background&quot;:&quot;classic&quot;}\">\n\t\t\t\t<div class=\"elementor-element elementor-element-0d30373 elementor-position-left elementor-vertical-align-middle elementor-view-default elementor-mobile-position-top elementor-widget elementor-widget-icon-box\" data-id=\"0d30373\" data-element_type=\"widget\" data-widget_type=\"icon-box.default\">\n\t\t\t\t<div class=\"elementor-widget-container\">\n\t\t\t\t\t\t\t<div class=\"elementor-icon-box-wrapper\">\n\n\t\t\t\t\t\t<div class=\"elementor-icon-box-icon\">\n\t\t\t\t<span  class=\"elementor-icon\">\n\t\t\t\t<svg aria-hidden=\"true\" class=\"e-font-icon-svg e-fas-user\" viewBox=\"0 0 448 512\" xmlns=\"http:\/\/www.w3.org\/2000\/svg\"><path d=\"M224 256c70.7 0 128-57.3 128-128S294.7 0 224 0 96 57.3 96 128s57.3 128 128 128zm89.6 32h-16.7c-22.2 10.2-46.9 16-72.9 16s-50.6-5.8-72.9-16h-16.7C60.2 288 0 348.2 0 422.4V464c0 26.5 21.5 48 48 48h352c26.5 0 48-21.5 48-48v-41.6c0-74.2-60.2-134.4-134.4-134.4z\"><\/path><\/svg>\t\t\t\t<\/span>\n\t\t\t<\/div>\n\t\t\t\n\t\t\t\t\t\t<div class=\"elementor-icon-box-content\">\n\n\t\t\t\t\t\t\t\t\t<h3 class=\"elementor-icon-box-title\">\n\t\t\t\t\t\t<span  >\n\t\t\t\t\t\t\tJ\u00e1 sou cadastrado\t\t\t\t\t\t<\/span>\n\t\t\t\t\t<\/h3>\n\t\t\t\t\n\t\t\t\t\n\t\t\t<\/div>\n\t\t\t\n\t\t<\/div>\n\t\t\t\t\t\t<\/div>\n\t\t\t\t<\/div>\n\t\t\t\t<div class=\"elementor-element elementor-element-ed16932 elementor-widget elementor-widget-login\" data-id=\"ed16932\" data-element_type=\"widget\" data-widget_type=\"login.default\">\n\t\t\t\t<div class=\"elementor-widget-container\">\n\t\t\t\t\t\t\t<form class=\"elementor-login elementor-form\" method=\"post\" action=\"https:\/\/loja.casapaulistaadamantina.com.br\/paineladm\/\">\n\t\t\t<input type=\"hidden\" name=\"redirect_to\" value=\"\/index.php\/wp-json\/wp\/v2\/pages\/2480\">\n\t\t\t<div class=\"elementor-form-fields-wrapper\">\n\t\t\t\t<div class=\"elementor-field-type-text elementor-field-group elementor-column elementor-col-100 elementor-field-required\">\n\t\t\t\t\t<label for=\"user-ed16932\" class=\"elementor-field-label\">Nome de usu\u00e1rio ou endere\u00e7o de e-mail<\/label>\n\t\t\t\t\t<input size=\"1\" type=\"text\" name=\"log\" id=\"user-ed16932\" placeholder=\"\" class=\"elementor-field elementor-field-textual elementor-size-sm\">\n\t\t\t\t<\/div>\n\t\t\t\t<div class=\"elementor-field-type-text elementor-field-group elementor-column elementor-col-100 elementor-field-required\">\n\t\t\t\t\t<label for=\"password-ed16932\" class=\"elementor-field-label\">Senha<\/label>\n\t\t\t\t\t<input size=\"1\" type=\"password\" name=\"pwd\" id=\"password-ed16932\" placeholder=\"\" class=\"elementor-field elementor-field-textual elementor-size-sm\">\n\t\t\t\t<\/div>\n\n\t\t\t\t\t\t\t\t\t<div class=\"elementor-field-type-checkbox elementor-field-group elementor-column elementor-col-100 elementor-remember-me\">\n\t\t\t\t\t\t<label for=\"elementor-login-remember-me\">\n\t\t\t\t\t\t\t<input type=\"checkbox\" id=\"elementor-login-remember-me\" name=\"rememberme\" value=\"forever\">\n\t\t\t\t\t\t\tLembrar-me\t\t\t\t\t\t<\/label>\n\t\t\t\t\t<\/div>\n\t\t\t\t\n\t\t\t\t<div class=\"elementor-field-group elementor-column elementor-field-type-submit elementor-col-100\">\n\t\t\t\t\t<button type=\"submit\" class=\"elementor-size-sm elementor-button\" name=\"wp-submit\">\n\t\t\t\t\t\t\t\t\t\t\t\t\t\t\t<span class=\"elementor-button-text\">Entrar<\/span>\n\t\t\t\t\t\t\t\t\t\t\t\t<\/button>\n\t\t\t\t<\/div>\n\n\t\t\t\t\t\t\t\t\t<div class=\"elementor-field-group elementor-column elementor-col-100\">\n\t\t\t\t\t\t\t\t\t\t\t\t\t\t\t\t\t\t\t\t<a class=\"elementor-lost-password\" href=\"https:\/\/loja.casapaulistaadamantina.com.br\/index.php\/minha-conta\/lost-password\/\">\n\t\t\t\t\t\t\t\tEsqueceu sua senha?\t\t\t\t\t\t\t<\/a>\n\t\t\t\t\t\t\n\t\t\t\t\t\t\t\t\t\t\t<\/div>\n\t\t\t\t\t<div class=\"nsl-container nsl-container-block\" data-align=\"left\"><div class=\"nsl-container-buttons\"><a href=\"https:\/\/loja.casapaulistaadamantina.com.br\/paineladm\/?loginSocial=facebook&#038;redirect=https%3A%2F%2Floja.casapaulistaadamantina.com.br%2Findex.php%2Fwp-json%2Fwp%2Fv2%2Fpages%2F2480\" rel=\"nofollow\" aria-label=\"Continue with &lt;b&gt;Facebook&lt;\/b&gt;\" data-plugin=\"nsl\" data-action=\"connect\" data-provider=\"facebook\" data-popupwidth=\"600\" data-popupheight=\"679\" data-e-disable-page-transition=\"1\"><div class=\"nsl-button nsl-button-default nsl-button-facebook\" data-skin=\"dark\" style=\"background-color:#1877F2;\"><div class=\"nsl-button-svg-container\"><svg xmlns=\"http:\/\/www.w3.org\/2000\/svg\" viewBox=\"0 0 1365.3 1365.3\" height=\"24\" width=\"24\"><path d=\"M1365.3 682.7A682.7 682.7 0 10576 1357V880H402.7V682.7H576V532.3c0-171.1 102-265.6 257.9-265.6 74.6 0 152.8 13.3 152.8 13.3v168h-86.1c-84.8 0-111.3 52.6-111.3 106.6v128h189.4L948.4 880h-159v477a682.8 682.8 0 00576-674.3\" fill=\"#fff\"\/><\/svg><\/div><div class=\"nsl-button-label-container\">Continuar com <b>Facebook<\/b><\/div><\/div><\/a><a href=\"https:\/\/loja.casapaulistaadamantina.com.br\/paineladm\/?loginSocial=google&#038;redirect=https%3A%2F%2Floja.casapaulistaadamantina.com.br%2Findex.php%2Fwp-json%2Fwp%2Fv2%2Fpages%2F2480\" rel=\"nofollow\" aria-label=\"Continuar com &lt;b&gt;Google&lt;\/b&gt;\" data-plugin=\"nsl\" data-action=\"connect\" data-provider=\"google\" data-popupwidth=\"600\" data-popupheight=\"600\" data-e-disable-page-transition=\"1\"><div class=\"nsl-button nsl-button-default nsl-button-google\" data-skin=\"dark\" style=\"background-color:#4285f4;\"><div class=\"nsl-button-svg-container\"><svg xmlns=\"http:\/\/www.w3.org\/2000\/svg\" width=\"24\" height=\"24\" viewBox=\"0 0 24 24\"><path fill=\"#4285F4\" d=\"M20.64 12.2045c0-.6381-.0573-1.2518-.1636-1.8409H12v3.4814h4.8436c-.2086 1.125-.8427 2.0782-1.7959 2.7164v2.2581h2.9087c1.7018-1.5668 2.6836-3.874 2.6836-6.615z\"><\/path><path fill=\"#34A853\" d=\"M12 21c2.43 0 4.4673-.806 5.9564-2.1805l-2.9087-2.2581c-.8059.54-1.8368.859-3.0477.859-2.344 0-4.3282-1.5831-5.036-3.7104H3.9574v2.3318C5.4382 18.9832 8.4818 21 12 21z\"><\/path><path fill=\"#FBBC05\" d=\"M6.964 13.71c-.18-.54-.2822-1.1168-.2822-1.71s.1023-1.17.2823-1.71V7.9582H3.9573A8.9965 8.9965 0 0 0 3 12c0 1.4523.3477 2.8268.9573 4.0418L6.964 13.71z\"><\/path><path fill=\"#EA4335\" d=\"M12 6.5795c1.3214 0 2.5077.4541 3.4405 1.346l2.5813-2.5814C16.4632 3.8918 14.426 3 12 3 8.4818 3 5.4382 5.0168 3.9573 7.9582L6.964 10.29C7.6718 8.1627 9.6559 6.5795 12 6.5795z\"><\/path><\/svg><\/div><div class=\"nsl-button-label-container\">Continuar com <b>Google<\/b><\/div><\/div><\/a><\/div><\/div>\t\t\t\t\t\t\t<\/div>\n\t\t<\/form>\n\t\t\t\t\t\t<\/div>\n\t\t\t\t<\/div>\n\t\t\t\t<\/div>\n\t\t<div class=\"elementor-element elementor-element-079edfe e-con-full e-flex e-con e-child\" data-id=\"079edfe\" data-element_type=\"container\" id=\"cadastro-form\" data-settings=\"{&quot;background_background&quot;:&quot;classic&quot;}\">\n\t\t\t\t<div class=\"elementor-element elementor-element-6b5577b elementor-position-left elementor-vertical-align-middle elementor-view-default elementor-mobile-position-top elementor-widget elementor-widget-icon-box\" data-id=\"6b5577b\" data-element_type=\"widget\" data-widget_type=\"icon-box.default\">\n\t\t\t\t<div class=\"elementor-widget-container\">\n\t\t\t\t\t\t\t<div class=\"elementor-icon-box-wrapper\">\n\n\t\t\t\t\t\t<div class=\"elementor-icon-box-icon\">\n\t\t\t\t<span  class=\"elementor-icon\">\n\t\t\t\t<svg aria-hidden=\"true\" class=\"e-font-icon-svg e-fab-wpforms\" viewBox=\"0 0 448 512\" xmlns=\"http:\/\/www.w3.org\/2000\/svg\"><path d=\"M448 75.2v361.7c0 24.3-19 43.2-43.2 43.2H43.2C19.3 480 0 461.4 0 436.8V75.2C0 51.1 18.8 32 43.2 32h361.7c24 0 43.1 18.8 43.1 43.2zm-37.3 361.6V75.2c0-3-2.6-5.8-5.8-5.8h-9.3L285.3 144 224 94.1 162.8 144 52.5 69.3h-9.3c-3.2 0-5.8 2.8-5.8 5.8v361.7c0 3 2.6 5.8 5.8 5.8h361.7c3.2.1 5.8-2.7 5.8-5.8zM150.2 186v37H76.7v-37h73.5zm0 74.4v37.3H76.7v-37.3h73.5zm11.1-147.3l54-43.7H96.8l64.5 43.7zm210 72.9v37h-196v-37h196zm0 74.4v37.3h-196v-37.3h196zm-84.6-147.3l64.5-43.7H232.8l53.9 43.7zM371.3 335v37.3h-99.4V335h99.4z\"><\/path><\/svg>\t\t\t\t<\/span>\n\t\t\t<\/div>\n\t\t\t\n\t\t\t\t\t\t<div class=\"elementor-icon-box-content\">\n\n\t\t\t\t\t\t\t\t\t<h3 class=\"elementor-icon-box-title\">\n\t\t\t\t\t\t<span  >\n\t\t\t\t\t\t\tAinda n\u00e3o tenho cadastro\t\t\t\t\t\t<\/span>\n\t\t\t\t\t<\/h3>\n\t\t\t\t\n\t\t\t\t\n\t\t\t<\/div>\n\t\t\t\n\t\t<\/div>\n\t\t\t\t\t\t<\/div>\n\t\t\t\t<\/div>\n\t\t\t\t<div class=\"elementor-element elementor-element-08b37fc elementor-widget elementor-widget-oew-woo-my-account-register-form\" data-id=\"08b37fc\" data-element_type=\"widget\" data-widget_type=\"oew-woo-my-account-register-form.default\">\n\t\t\t\t<div class=\"elementor-widget-container\">\n\t\t\t\t\t<div class=\"woocommerce-notices-wrapper\"><\/div><ul class=\"owp-account-links\"><li class=\"login\"><a href=\"#\" class=\"owp-account-link current\">Acessar<\/a><\/li><li class=\"or\">Ou<\/li><li class=\"register\"><a href=\"#\" class=\"owp-account-link\">Cadastrar<\/a><\/li><\/ul>\t\t\t<div class=\"oec-myaccount-form-register\">\n\n\t\t\t\t\n\t\t\t\t<form method=\"post\" class=\"woocommerce-form woocommerce-form-register register\"  >\n\n\t\t\t\t\t\t\n\t\t\t\t\t\t\n\t\t\t\t\t<p class=\"woocommerce-form-row woocommerce-form-row--wide form-row form-row-wide\">\n\t\t\t\t\t\t<label for=\"reg_email\">Endere\u00e7o de e-mail&nbsp;<span class=\"required\">*<\/span><\/label>\n\t\t\t\t\t\t<input type=\"email\" class=\"woocommerce-Input woocommerce-Input--text input-text\" name=\"email\" id=\"reg_email\" autocomplete=\"email\" value=\"\" \/>\t\t\t\t\t<\/p>\n\n\t\t\t\t\t\t\n\t\t\t\t\t\t<wc-order-attribution-inputs><\/wc-order-attribution-inputs><div class=\"woocommerce-privacy-policy-text\"><\/div>\n\t\t\t\t\t<p class=\"woocommerce-FormRow form-row\">\n\t\t\t\t\t\t<input type=\"hidden\" id=\"woocommerce-register-nonce\" name=\"woocommerce-register-nonce\" value=\"2ebe5d4ac8\" \/><input type=\"hidden\" name=\"_wp_http_referer\" value=\"\/index.php\/wp-json\/wp\/v2\/pages\/2480\" \/>\t\t\t\t\t\t<button type=\"submit\" class=\"woocommerce-Button button\" name=\"register\" value=\"Cadastrar\">\n\n\t\t\t\t\t\t\t\n\t\t\t\t\t\t\tCadastrar\t\t\t\t\t\t<\/button>\n\t\t\t\t\t<\/p>\n\n\t\t\t\t\t\t<div class=\"nsl-container nsl-container-block\" data-align=\"left\"><div class=\"nsl-container-buttons\"><a href=\"https:\/\/loja.casapaulistaadamantina.com.br\/paineladm\/?loginSocial=facebook&#038;redirect=https%3A%2F%2Floja.casapaulistaadamantina.com.br%2Findex.php%2Fwp-json%2Fwp%2Fv2%2Fpages%2F2480\" rel=\"nofollow\" aria-label=\"Continue with &lt;b&gt;Facebook&lt;\/b&gt;\" data-plugin=\"nsl\" data-action=\"connect\" data-provider=\"facebook\" data-popupwidth=\"600\" data-popupheight=\"679\" data-e-disable-page-transition=\"1\"><div class=\"nsl-button nsl-button-default nsl-button-facebook\" data-skin=\"dark\" style=\"background-color:#1877F2;\"><div class=\"nsl-button-svg-container\"><svg xmlns=\"http:\/\/www.w3.org\/2000\/svg\" viewBox=\"0 0 1365.3 1365.3\" height=\"24\" width=\"24\"><path d=\"M1365.3 682.7A682.7 682.7 0 10576 1357V880H402.7V682.7H576V532.3c0-171.1 102-265.6 257.9-265.6 74.6 0 152.8 13.3 152.8 13.3v168h-86.1c-84.8 0-111.3 52.6-111.3 106.6v128h189.4L948.4 880h-159v477a682.8 682.8 0 00576-674.3\" fill=\"#fff\"\/><\/svg><\/div><div class=\"nsl-button-label-container\">Continuar com <b>Facebook<\/b><\/div><\/div><\/a><a href=\"https:\/\/loja.casapaulistaadamantina.com.br\/paineladm\/?loginSocial=google&#038;redirect=https%3A%2F%2Floja.casapaulistaadamantina.com.br%2Findex.php%2Fwp-json%2Fwp%2Fv2%2Fpages%2F2480\" rel=\"nofollow\" aria-label=\"Continuar com &lt;b&gt;Google&lt;\/b&gt;\" data-plugin=\"nsl\" data-action=\"connect\" data-provider=\"google\" data-popupwidth=\"600\" data-popupheight=\"600\" data-e-disable-page-transition=\"1\"><div class=\"nsl-button nsl-button-default nsl-button-google\" data-skin=\"dark\" style=\"background-color:#4285f4;\"><div class=\"nsl-button-svg-container\"><svg xmlns=\"http:\/\/www.w3.org\/2000\/svg\" width=\"24\" height=\"24\" viewBox=\"0 0 24 24\"><path fill=\"#4285F4\" d=\"M20.64 12.2045c0-.6381-.0573-1.2518-.1636-1.8409H12v3.4814h4.8436c-.2086 1.125-.8427 2.0782-1.7959 2.7164v2.2581h2.9087c1.7018-1.5668 2.6836-3.874 2.6836-6.615z\"><\/path><path fill=\"#34A853\" d=\"M12 21c2.43 0 4.4673-.806 5.9564-2.1805l-2.9087-2.2581c-.8059.54-1.8368.859-3.0477.859-2.344 0-4.3282-1.5831-5.036-3.7104H3.9574v2.3318C5.4382 18.9832 8.4818 21 12 21z\"><\/path><path fill=\"#FBBC05\" d=\"M6.964 13.71c-.18-.54-.2822-1.1168-.2822-1.71s.1023-1.17.2823-1.71V7.9582H3.9573A8.9965 8.9965 0 0 0 3 12c0 1.4523.3477 2.8268.9573 4.0418L6.964 13.71z\"><\/path><path fill=\"#EA4335\" d=\"M12 6.5795c1.3214 0 2.5077.4541 3.4405 1.346l2.5813-2.5814C16.4632 3.8918 14.426 3 12 3 8.4818 3 5.4382 5.0168 3.9573 7.9582L6.964 10.29C7.6718 8.1627 9.6559 6.5795 12 6.5795z\"><\/path><\/svg><\/div><div class=\"nsl-button-label-container\">Continuar com <b>Google<\/b><\/div><\/div><\/a><\/div><\/div>\n\t\t\t\t<\/form>\n\t\t\t\t<\/div>\n\t\t\t\t<style>.account-original-style .woocommerce #customer_login h2 {display: block;}<\/style>\n\t\t\t\t\t\t\t\t\t<script type=\"text\/javascript\">\n\t\t\t\t\t\t;jQuery(document).ready(function($){\n\t\t\t\t\t\t\tif( typeof WooGuestAccountPageWidget === 'undefined' ) {\n\t\t\t\t\t\t\t\tclass WooGuestAccountPageWidget {\n\t\t\t\t\t\t\t\t\t#elements = {\n\t\t\t\t\t\t\t\t\t\tguestAccountPageNav: document.querySelector(\".owp-account-links\"),\n\t\t\t\t\t\t\t\t\t};\n\t\t\t\t\t\t\t\t\t#loginBtn;\n\t\t\t\t\t\t\t\t\t#registerBtn;\n\t\t\t\t\t\t\t\t\t#loginBox;\n\t\t\t\t\t\t\t\t\t#registerBox;\n\n\t\t\t\t\t\t\t\t\tconstructor() {\n\t\t\t\t\t\t\t\t\t\t\/\/ Return if registration disabled\n\t\t\t\t\t\t\t\t\t\tif (\n\t\t\t\t\t\t\t\t\t\tthis.#elements.guestAccountPageNav?.classList.contains(\n\t\t\t\t\t\t\t\t\t\t\t\"registration-disabled\"\n\t\t\t\t\t\t\t\t\t\t)\n\t\t\t\t\t\t\t\t\t\t) {\n\t\t\t\t\t\t\t\t\t\treturn;\n\t\t\t\t\t\t\t\t\t\t}\n\n\t\t\t\t\t\t\t\t\t\tthis.#setElements();\n\t\t\t\t\t\t\t\t\t\tthis.#start();\n\t\t\t\t\t\t\t\t\t\tthis.#setupEventListeners();\n\t\t\t\t\t\t\t\t\t\tthis.#init();\n\t\t\t\t\t\t\t\t\t}\n\n\t\t\t\t\t\t\t\t\t#init = () => {\n\t\t\t\t\t\t\t\t\t\tif(this.#loginBtn) {\n\t\t\t\t\t\t\t\t\t\t\tthis.#initLogin();\n\t\t\t\t\t\t\t\t\t\t} else if (this.#registerBtn) {\n\t\t\t\t\t\t\t\t\t\t\tthis.#initRegister();\n\t\t\t\t\t\t\t\t\t\t}\n\t\t\t\t\t\t\t\t\t};\n\n\t\t\t\t\t\t\t\t\t#initLogin = () => {\n\t\t\t\t\t\t\t\t\t\tthis.#loginBtn.classList.add(\"current\");\n\t\t\t\t\t\t\t\t\t\tthis.#registerBtn.classList.remove(\"current\");\n\n\t\t\t\t\t\t\t\t\t\tconst _self = this;\n\t\t\t\t\t\t\t\t\t\tjQuery( _self.#registerBox ).fadeOut( \"fast\", function() {\n\t\t\t\t\t\t\t\t\t\t\tjQuery( _self.#loginBox ).fadeIn( \"fast\");\n\t\t\t\t\t\t\t\t\t\t});\n\t\t\t\t\t\t\t\t\t};\n\n\t\t\t\t\t\t\t\t\t#initRegister = () => {\n\t\t\t\t\t\t\t\t\t\tthis.#registerBtn.classList.add(\"current\");\n\t\t\t\t\t\t\t\t\t\tthis.#loginBtn.classList.remove(\"current\");\n\n\t\t\t\t\t\t\t\t\t\tconst _self = this;\n\t\t\t\t\t\t\t\t\t\tjQuery( _self.#loginBox ).fadeOut( \"fast\", function() {\n\t\t\t\t\t\t\t\t\t\t\tjQuery( _self.#registerBox ).fadeIn( \"fast\");\n\t\t\t\t\t\t\t\t\t\t});\n\t\t\t\t\t\t\t\t\t};\n\n\t\t\t\t\t\t\t\t\t#setElements = () => {\n\t\t\t\t\t\t\t\t\t\tthis.#elements = {\n\t\t\t\t\t\t\t\t\t\t...this.#elements,\n\t\t\t\t\t\t\t\t\t\tguestAccountPageBox: document.querySelector(\"#customer_login\"),\n\t\t\t\t\t\t\t\t\t\t};\n\t\t\t\t\t\t\t\t\t};\n\n\t\t\t\t\t\t\t\t\t#start = () => {\n\t\t\t\t\t\t\t\t\t\tthis.#loginBtn =\n\t\t\t\t\t\t\t\t\t\tthis.#elements.guestAccountPageNav?.querySelector(\".login a\");\n\t\t\t\t\t\t\t\t\t\tthis.#registerBtn =\n\t\t\t\t\t\t\t\t\t\tthis.#elements.guestAccountPageNav?.querySelector(\".register a\");\n\t\t\t\t\t\t\t\t\t\tthis.#loginBox =\n\t\t\t\t\t\t\t\t\t\tthis.#elements.guestAccountPageBox?.querySelector(\".col-1\");\n\t\t\t\t\t\t\t\t\t\tthis.#registerBox =\n\t\t\t\t\t\t\t\t\t\tthis.#elements.guestAccountPageBox?.querySelector(\".col-2\");\n\t\t\t\t\t\t\t\t\t};\n\n\t\t\t\t\t\t\t\t\t#setupEventListeners = () => {\n\t\t\t\t\t\t\t\t\t\tthis.#loginBtn?.addEventListener(\"click\", this.#onLoginBtnClick);\n\t\t\t\t\t\t\t\t\t\tthis.#registerBtn?.addEventListener(\"click\", this.#onRegisterBtnClick);\n\t\t\t\t\t\t\t\t\t};\n\n\t\t\t\t\t\t\t\t\t#onLoginBtnClick = (event) => {\n\t\t\t\t\t\t\t\t\t\tevent.preventDefault();\n\t\t\t\t\t\t\t\t\t\tevent.stopPropagation();\n\n\t\t\t\t\t\t\t\t\t\tthis.#loginBtn.classList.add(\"current\");\n\t\t\t\t\t\t\t\t\t\tthis.#registerBtn.classList.remove(\"current\");\n\n\t\t\t\t\t\t\t\t\t\tconst _self = this;\n\t\t\t\t\t\t\t\t\t\tjQuery( _self.#registerBox ).fadeOut( \"slow\", function() {\n\t\t\t\t\t\t\t\t\t\t\tjQuery( _self.#loginBox ).fadeIn( \"slow\");\n\t\t\t\t\t\t\t\t\t\t});\n\t\t\t\t\t\t\t\t\t};\n\n\t\t\t\t\t\t\t\t\t#onRegisterBtnClick = (event) => {\n\t\t\t\t\t\t\t\t\t\tevent.preventDefault();\n\t\t\t\t\t\t\t\t\t\tevent.stopPropagation();\n\n\t\t\t\t\t\t\t\t\t\tthis.#registerBtn.classList.add(\"current\");\n\t\t\t\t\t\t\t\t\t\tthis.#loginBtn.classList.remove(\"current\");\n\n\t\t\t\t\t\t\t\t\t\tconst _self = this;\n\t\t\t\t\t\t\t\t\t\tjQuery( _self.#loginBox ).fadeOut( \"slow\", function() {\n\t\t\t\t\t\t\t\t\t\t\tjQuery( _self.#registerBox ).fadeIn( \"slow\");\n\t\t\t\t\t\t\t\t\t\t});\n\t\t\t\t\t\t\t\t\t};\n\t\t\t\t\t\t\t\t}\n\t\t\t\t\t\t\t\tconst guestAccountPage = new WooGuestAccountPageWidget();\n\t\t\t\t\t\t\t}\n\t\t\t\t\t\t});\n\t\t\t\t\t<\/script>\n\t\t\t\t\t\t\t\t\t\t\t<\/div>\n\t\t\t\t<\/div>\n\t\t\t\t<\/div>\n\t\t\t\t<\/div>\n\t\t\t\t<\/div>\n\t\t\t\t<\/div>\n\t\t","protected":false},"excerpt":{"rendered":"<p>A Casa Paulista estar\u00e1 presente na sua Constru\u00e7\u00e3o, Reforma ou Manuten\u00e7\u00e3o. Tenha a praticidade de escolher, comprar e receber no conforto da sua casa. J\u00e1 sou cadastrado Ainda n\u00e3o tenho cadastro Acessar Ou Cadastrar Endere\u00e7o de e-mail&nbsp;* Cadastrar<\/p>\n","protected":false},"author":1,"featured_media":0,"parent":0,"menu_order":0,"comment_status":"closed","ping_status":"closed","template":"","meta":{"ocean_post_layout":"","ocean_both_sidebars_style":"","ocean_both_sidebars_content_width":0,"ocean_both_sidebars_sidebars_width":0,"ocean_sidebar":"","ocean_second_sidebar":"","ocean_disable_margins":"enable","ocean_add_body_class":"","ocean_shortcode_before_top_bar":"","ocean_shortcode_after_top_bar":"","ocean_shortcode_before_header":"","ocean_shortcode_after_header":"","ocean_has_shortcode":"","ocean_shortcode_after_title":"","ocean_shortcode_before_footer_widgets":"","ocean_shortcode_after_footer_widgets":"","ocean_shortcode_before_footer_bottom":"","ocean_shortcode_after_footer_bottom":"","ocean_display_top_bar":"default","ocean_display_header":"default","ocean_header_style":"","ocean_center_header_left_menu":"","ocean_custom_header_template":"","ocean_custom_logo":0,"ocean_custom_retina_logo":0,"ocean_custom_logo_max_width":0,"ocean_custom_logo_tablet_max_width":0,"ocean_custom_logo_mobile_max_width":0,"ocean_custom_logo_max_height":0,"ocean_custom_logo_tablet_max_height":0,"ocean_custom_logo_mobile_max_height":0,"ocean_header_custom_menu":"","ocean_menu_typo_font_family":"","ocean_menu_typo_font_subset":"","ocean_menu_typo_font_size":0,"ocean_menu_typo_font_size_tablet":0,"ocean_menu_typo_font_size_mobile":0,"ocean_menu_typo_font_size_unit":"px","ocean_menu_typo_font_weight":"","ocean_menu_typo_font_weight_tablet":"","ocean_menu_typo_font_weight_mobile":"","ocean_menu_typo_transform":"","ocean_menu_typo_transform_tablet":"","ocean_menu_typo_transform_mobile":"","ocean_menu_typo_line_height":0,"ocean_menu_typo_line_height_tablet":0,"ocean_menu_typo_line_height_mobile":0,"ocean_menu_typo_line_height_unit":"","ocean_menu_typo_spacing":0,"ocean_menu_typo_spacing_tablet":0,"ocean_menu_typo_spacing_mobile":0,"ocean_menu_typo_spacing_unit":"","ocean_menu_link_color":"","ocean_menu_link_color_hover":"","ocean_menu_link_color_active":"","ocean_menu_link_background":"","ocean_menu_link_hover_background":"","ocean_menu_link_active_background":"","ocean_menu_social_links_bg":"","ocean_menu_social_hover_links_bg":"","ocean_menu_social_links_color":"","ocean_menu_social_hover_links_color":"","ocean_disable_title":"default","ocean_disable_heading":"default","ocean_post_title":"","ocean_post_subheading":"","ocean_post_title_style":"","ocean_post_title_background_color":"","ocean_post_title_background":0,"ocean_post_title_bg_image_position":"","ocean_post_title_bg_image_attachment":"","ocean_post_title_bg_image_repeat":"","ocean_post_title_bg_image_size":"","ocean_post_title_height":0,"ocean_post_title_bg_overlay":0.5,"ocean_post_title_bg_overlay_color":"","ocean_disable_breadcrumbs":"default","ocean_breadcrumbs_color":"","ocean_breadcrumbs_separator_color":"","ocean_breadcrumbs_links_color":"","ocean_breadcrumbs_links_hover_color":"","ocean_display_footer_widgets":"default","ocean_display_footer_bottom":"default","ocean_custom_footer_template":"","footnotes":""},"class_list":["post-2480","page","type-page","status-publish","hentry","entry","owp-thumbs-layout-horizontal","owp-btn-big","owp-tabs-layout-section","has-no-thumbnails"],"_links":{"self":[{"href":"https:\/\/loja.casapaulistaadamantina.com.br\/index.php\/wp-json\/wp\/v2\/pages\/2480"}],"collection":[{"href":"https:\/\/loja.casapaulistaadamantina.com.br\/index.php\/wp-json\/wp\/v2\/pages"}],"about":[{"href":"https:\/\/loja.casapaulistaadamantina.com.br\/index.php\/wp-json\/wp\/v2\/types\/page"}],"author":[{"embeddable":true,"href":"https:\/\/loja.casapaulistaadamantina.com.br\/index.php\/wp-json\/wp\/v2\/users\/1"}],"replies":[{"embeddable":true,"href":"https:\/\/loja.casapaulistaadamantina.com.br\/index.php\/wp-json\/wp\/v2\/comments?post=2480"}],"version-history":[{"count":0,"href":"https:\/\/loja.casapaulistaadamantina.com.br\/index.php\/wp-json\/wp\/v2\/pages\/2480\/revisions"}],"wp:attachment":[{"href":"https:\/\/loja.casapaulistaadamantina.com.br\/index.php\/wp-json\/wp\/v2\/media?parent=2480"}],"curies":[{"name":"wp","href":"https:\/\/api.w.org\/{rel}","templated":true}]}}