{"id":2440,"date":"2024-09-29T17:46:50","date_gmt":"2024-09-29T20:46:50","guid":{"rendered":"https:\/\/loja.casapaulistaadamantina.com.br\/?page_id=2440"},"modified":"2024-09-29T17:52:31","modified_gmt":"2024-09-29T20:52:31","slug":"termos-de-servico","status":"publish","type":"page","link":"https:\/\/loja.casapaulistaadamantina.com.br\/index.php\/termos-de-servico\/","title":{"rendered":"Termos de Servi\u00e7o"},"content":{"rendered":"\t\t<div data-elementor-type=\"wp-page\" data-elementor-id=\"2440\" class=\"elementor elementor-2440\" data-elementor-post-type=\"page\">\n\t\t\t\t<div class=\"elementor-element elementor-element-71ec2d8 e-flex e-con-boxed e-con e-parent\" data-id=\"71ec2d8\" data-element_type=\"container\">\n\t\t\t\t\t<div class=\"e-con-inner\">\n\t\t\t\t<div class=\"elementor-element elementor-element-b676edd elementor-widget elementor-widget-text-editor\" data-id=\"b676edd\" data-element_type=\"widget\" data-widget_type=\"text-editor.default\">\n\t\t\t\t<div class=\"elementor-widget-container\">\n\t\t\t\t\t\t\t\t\t<h1 class=\"p1\"><b>Termos de Servi\u00e7o<\/b><\/h1><p class=\"p3\">Bem-vindo ao site da <b>Casa Paulista<\/b>. Ao acessar ou utilizar nossos servi\u00e7os, voc\u00ea concorda em cumprir e estar vinculado aos seguintes Termos de Servi\u00e7o. Por favor, leia atentamente antes de utilizar nosso site.<\/p><p class=\"p4\"><b>1. Aceita\u00e7\u00e3o dos Termos<\/b><\/p><p class=\"p3\">Ao utilizar o site da Casa Paulista, voc\u00ea concorda com estes Termos de Servi\u00e7o e com todas as leis e regulamentos aplic\u00e1veis. Se voc\u00ea n\u00e3o concorda com algum destes termos, por favor, n\u00e3o utilize nosso site.<\/p><p class=\"p4\"><b>2. Altera\u00e7\u00f5es nos Termos<\/b><\/p><p class=\"p3\">Reservamo-nos o direito de modificar estes Termos de Servi\u00e7o a qualquer momento, sem aviso pr\u00e9vio. \u00c9 sua responsabilidade revisar os termos regularmente. O uso cont\u00ednuo do site ap\u00f3s quaisquer altera\u00e7\u00f5es constitui aceita\u00e7\u00e3o dos novos termos.<\/p><p class=\"p4\"><b>3. Uso do Site<\/b><\/p><p class=\"p3\">Voc\u00ea concorda em utilizar o site apenas para fins legais e de acordo com estes Termos. \u00c9 proibido:<\/p><p class=\"p5\">\u2022Utilizar o site de qualquer maneira que viole leis ou regulamentos locais, estaduais, nacionais ou internacionais aplic\u00e1veis.<\/p><p class=\"p5\">\u2022Envolver-se em qualquer atividade que possa prejudicar o funcionamento ou seguran\u00e7a do site.<\/p><p class=\"p4\"><b>4. Cadastro e Seguran\u00e7a da Conta<\/b><\/p><p class=\"p3\">Para acessar determinados servi\u00e7os, pode ser necess\u00e1rio criar uma conta. Voc\u00ea \u00e9 respons\u00e1vel por manter a confidencialidade de suas informa\u00e7\u00f5es de login e por todas as atividades que ocorram em sua conta.<\/p><p class=\"p4\"><b>5. Produtos e Servi\u00e7os<\/b><\/p><p class=\"p3\">Todas as descri\u00e7\u00f5es, imagens, refer\u00eancias, recursos, conte\u00fado, especifica\u00e7\u00f5es, produtos e pre\u00e7os de produtos e servi\u00e7os est\u00e3o sujeitos a altera\u00e7\u00f5es a qualquer momento, sem aviso pr\u00e9vio.<\/p><p class=\"p4\"><b>6. Pre\u00e7os e Pagamentos<\/b><\/p><p class=\"p5\">\u2022<b>Pre\u00e7os:<\/b> Todos os pre\u00e7os s\u00e3o apresentados em reais (BRL) e incluem impostos aplic\u00e1veis.<\/p><p class=\"p5\">\u2022<b>Pagamentos:<\/b> Aceitamos as formas de pagamento especificadas em nosso site. O pagamento deve ser efetuado integralmente no momento da compra.<\/p><p class=\"p4\"><b>7. Entrega e Frete<\/b><\/p><p class=\"p3\">As informa\u00e7\u00f5es sobre entrega, prazos e custos de frete est\u00e3o detalhadas em nossa <a href=\"#\">Pol\u00edtica de Entrega<\/a>. Por favor, consulte-a antes de finalizar sua compra.<\/p><p class=\"p4\"><b>8. Pol\u00edtica de Troca e Devolu\u00e7\u00e3o<\/b><\/p><p class=\"p3\">Nossa <a href=\"#\">Pol\u00edtica de Troca e Devolu\u00e7\u00e3o<\/a> explica em detalhes como proceder em caso de necessidade. Garantimos o cumprimento do C\u00f3digo de Defesa do Consumidor.<\/p><p class=\"p4\"><b>9. Propriedade Intelectual<\/b><\/p><p class=\"p3\">Todo o conte\u00fado do site, incluindo textos, gr\u00e1ficos, logos, \u00edcones, imagens e software, \u00e9 propriedade da Casa Paulista ou de seus fornecedores e \u00e9 protegido pelas leis de direitos autorais e propriedade intelectual.<\/p><p class=\"p4\"><b>10. Limita\u00e7\u00e3o de Responsabilidade<\/b><\/p><p class=\"p3\">A Casa Paulista n\u00e3o ser\u00e1 respons\u00e1vel por quaisquer danos diretos, indiretos, incidentais, especiais ou consequentes resultantes do uso ou da incapacidade de uso do site ou dos servi\u00e7os.<\/p><p class=\"p4\"><b>11. Privacidade<\/b><\/p><p class=\"p3\">Sua privacidade \u00e9 importante para n\u00f3s. Nossa <a href=\"#\">Pol\u00edtica de Privacidade<\/a> descreve como coletamos, usamos e protegemos suas informa\u00e7\u00f5es pessoais.<\/p><p class=\"p4\"><b>12. Links para Terceiros<\/b><\/p><p class=\"p3\">Nosso site pode conter links para sites de terceiros. N\u00e3o temos controle sobre o conte\u00fado ou pr\u00e1ticas desses sites e n\u00e3o assumimos responsabilidade por eles.<\/p><p class=\"p4\"><b>13. Lei Aplic\u00e1vel<\/b><\/p><p class=\"p3\">Estes Termos de Servi\u00e7o s\u00e3o regidos pelas leis da Rep\u00fablica Federativa do Brasil. Qualquer disputa ser\u00e1 submetida aos tribunais competentes de S\u00e3o Paulo, SP.<\/p><p class=\"p4\"><b>14. Contato<\/b><\/p><p class=\"p3\">Se voc\u00ea tiver d\u00favidas sobre estes Termos de Servi\u00e7o, entre em contato conosco:<\/p><p><strong>Casa de Ferragens Paulista<\/strong><\/p><ul><li class=\"p5\"><b>Endere\u00e7o:<\/b> <span class=\"LrzXr\">Av. Dr, Av. Ademar de Barros, 489 \u2013 Centro, Adamantina \u2013 SP, 17800-000<\/span><\/li><li class=\"p5\"><strong>Telefone de Contato<\/strong>: (18)\u00a099701-1818<\/li><\/ul>\t\t\t\t\t\t\t\t<\/div>\n\t\t\t\t<\/div>\n\t\t\t\t\t<\/div>\n\t\t\t\t<\/div>\n\t\t\t\t<\/div>\n\t\t","protected":false},"excerpt":{"rendered":"<p>Termos de Servi\u00e7o Bem-vindo ao site da Casa Paulista. Ao acessar ou utilizar nossos servi\u00e7os, voc\u00ea concorda em cumprir e estar vinculado aos seguintes Termos de Servi\u00e7o. Por favor, leia atentamente antes de utilizar nosso site. 1. Aceita\u00e7\u00e3o dos Termos Ao utilizar o site da Casa Paulista, voc\u00ea concorda com estes Termos de Servi\u00e7o e [&hellip;]<\/p>\n","protected":false},"author":1,"featured_media":0,"parent":0,"menu_order":0,"comment_status":"closed","ping_status":"closed","template":"","meta":{"ocean_post_layout":"","ocean_both_sidebars_style":"","ocean_both_sidebars_content_width":0,"ocean_both_sidebars_sidebars_width":0,"ocean_sidebar":"","ocean_second_sidebar":"","ocean_disable_margins":"enable","ocean_add_body_class":"","ocean_shortcode_before_top_bar":"","ocean_shortcode_after_top_bar":"","ocean_shortcode_before_header":"","ocean_shortcode_after_header":"","ocean_has_shortcode":"","ocean_shortcode_after_title":"","ocean_shortcode_before_footer_widgets":"","ocean_shortcode_after_footer_widgets":"","ocean_shortcode_before_footer_bottom":"","ocean_shortcode_after_footer_bottom":"","ocean_display_top_bar":"default","ocean_display_header":"default","ocean_header_style":"","ocean_center_header_left_menu":"","ocean_custom_header_template":"","ocean_custom_logo":0,"ocean_custom_retina_logo":0,"ocean_custom_logo_max_width":0,"ocean_custom_logo_tablet_max_width":0,"ocean_custom_logo_mobile_max_width":0,"ocean_custom_logo_max_height":0,"ocean_custom_logo_tablet_max_height":0,"ocean_custom_logo_mobile_max_height":0,"ocean_header_custom_menu":"","ocean_menu_typo_font_family":"","ocean_menu_typo_font_subset":"","ocean_menu_typo_font_size":0,"ocean_menu_typo_font_size_tablet":0,"ocean_menu_typo_font_size_mobile":0,"ocean_menu_typo_font_size_unit":"px","ocean_menu_typo_font_weight":"","ocean_menu_typo_font_weight_tablet":"","ocean_menu_typo_font_weight_mobile":"","ocean_menu_typo_transform":"","ocean_menu_typo_transform_tablet":"","ocean_menu_typo_transform_mobile":"","ocean_menu_typo_line_height":0,"ocean_menu_typo_line_height_tablet":0,"ocean_menu_typo_line_height_mobile":0,"ocean_menu_typo_line_height_unit":"","ocean_menu_typo_spacing":0,"ocean_menu_typo_spacing_tablet":0,"ocean_menu_typo_spacing_mobile":0,"ocean_menu_typo_spacing_unit":"","ocean_menu_link_color":"","ocean_menu_link_color_hover":"","ocean_menu_link_color_active":"","ocean_menu_link_background":"","ocean_menu_link_hover_background":"","ocean_menu_link_active_background":"","ocean_menu_social_links_bg":"","ocean_menu_social_hover_links_bg":"","ocean_menu_social_links_color":"","ocean_menu_social_hover_links_color":"","ocean_disable_title":"default","ocean_disable_heading":"default","ocean_post_title":"","ocean_post_subheading":"","ocean_post_title_style":"","ocean_post_title_background_color":"","ocean_post_title_background":0,"ocean_post_title_bg_image_position":"","ocean_post_title_bg_image_attachment":"","ocean_post_title_bg_image_repeat":"","ocean_post_title_bg_image_size":"","ocean_post_title_height":0,"ocean_post_title_bg_overlay":0.5,"ocean_post_title_bg_overlay_color":"","ocean_disable_breadcrumbs":"default","ocean_breadcrumbs_color":"","ocean_breadcrumbs_separator_color":"","ocean_breadcrumbs_links_color":"","ocean_breadcrumbs_links_hover_color":"","ocean_display_footer_widgets":"default","ocean_display_footer_bottom":"default","ocean_custom_footer_template":"","footnotes":""},"class_list":["post-2440","page","type-page","status-publish","hentry","entry","owp-thumbs-layout-horizontal","owp-btn-big","owp-tabs-layout-section","has-no-thumbnails"],"_links":{"self":[{"href":"https:\/\/loja.casapaulistaadamantina.com.br\/index.php\/wp-json\/wp\/v2\/pages\/2440"}],"collection":[{"href":"https:\/\/loja.casapaulistaadamantina.com.br\/index.php\/wp-json\/wp\/v2\/pages"}],"about":[{"href":"https:\/\/loja.casapaulistaadamantina.com.br\/index.php\/wp-json\/wp\/v2\/types\/page"}],"author":[{"embeddable":true,"href":"https:\/\/loja.casapaulistaadamantina.com.br\/index.php\/wp-json\/wp\/v2\/users\/1"}],"replies":[{"embeddable":true,"href":"https:\/\/loja.casapaulistaadamantina.com.br\/index.php\/wp-json\/wp\/v2\/comments?post=2440"}],"version-history":[{"count":0,"href":"https:\/\/loja.casapaulistaadamantina.com.br\/index.php\/wp-json\/wp\/v2\/pages\/2440\/revisions"}],"wp:attachment":[{"href":"https:\/\/loja.casapaulistaadamantina.com.br\/index.php\/wp-json\/wp\/v2\/media?parent=2440"}],"curies":[{"name":"wp","href":"https:\/\/api.w.org\/{rel}","templated":true}]}}